{"id":709,"date":"2020-11-05T10:18:20","date_gmt":"2020-11-05T08:18:20","guid":{"rendered":"http:\/\/www.cjpgalati.ro\/?page_id=709"},"modified":"2020-11-05T10:18:20","modified_gmt":"2020-11-05T08:18:20","slug":"in-atentia-persoanelor-asigurate-in-sistemul-unitar-de-pensii-publice-in-baza-contractului-de-asigurare-sociala","status":"publish","type":"page","link":"http:\/\/www.cjpgalati.ro\/index.php\/in-atentia-persoanelor-asigurate-in-sistemul-unitar-de-pensii-publice-in-baza-contractului-de-asigurare-sociala\/","title":{"rendered":"\u00cen aten\u021bia persoanelor asigurate \u00een sistemul unitar de pensii publice \u00een baza Contractului de asigurare social\u0103"},"content":{"rendered":"\n<p><strong>\u00cencep\u00e2nd cu 1 ianuarie 2020,<\/strong><\/p>\n\n\n\n<p>Urmare intr\u0103rii \u00een vigoare a prevederilor H.G. nr.935\/2019 pentru stabilirea salariului de baz\u0103 minim brut pe \u021bar\u0103 garantat \u00een plat\u0103, publicat\u0103 \u00een Monitorul Oficial al Rom\u00e2niei, Partea I, salariul de baz\u0103 minim brut pe \u021bar\u0103 garantat \u00een plat\u0103 va fi de 2.230 lei. \u00cen conformitate cu prevederile art.36 din Legea nr.263\/2010 privind sistemul unitar de pensii publice cu modific\u0103rile \u0219i complet\u0103rile ulterioare, \u00een cazul asigura\u021bilor care au \u00eencheiat contracte de asigurare social\u0103, facem urm\u0103toarele preciz\u0103ri:<\/p>\n\n\n\n<p>Baza lunar\u0103 de calcul al contribu\u021biei de asigur\u0103ri sociale pentru asigura\u021bii care au \u00eencheiat contracte de asigurare social\u0103 o constituie venitul lunar asigurat \u00eenscris \u00een contractul de asigurare social\u0103, dar nu mai pu\u021bin dec\u00e2t valoarea salariului de baz\u0103 minim brut pe tar\u0103 garantat \u00een plat\u0103, adic\u0103 2.230 lei;<\/p>\n\n\n\n<p>Contribu\u021bia minim\u0103 de asigur\u0103ri sociale este de 558 lei\/lun\u0103 (2.230&#215;25%). Totodat\u0103, v\u0103 aducem la cuno\u0219tin\u021b\u0103 c\u0103 toate casele teritoriale de pensii vor modifica din oficiu toate veniturile asigurate \u00eenscrise \u00een contractele de asigurare social\u0103 al c\u0103ror nivel se situeaz\u0103 sub nivelul de 2.230 lei.<\/p>\n","protected":false},"excerpt":{"rendered":"<p>\u00cencep\u00e2nd cu 1 ianuarie 2020, Urmare intr\u0103rii \u00een vigoare a prevederilor H.G. nr.935\/2019 pentru stabilirea salariului de baz\u0103 minim brut pe \u021bar\u0103 garantat \u00een plat\u0103, publicat\u0103 \u00een Monitorul Oficial al Rom\u00e2niei, Partea I, salariul de baz\u0103 minim brut pe \u021bar\u0103 garantat \u00een plat\u0103 va fi de 2.230 lei. \u00cen conformitate cu prevederile art.36 din Legea &hellip; <\/p>\n<p class=\"link-more\"><a href=\"http:\/\/www.cjpgalati.ro\/index.php\/in-atentia-persoanelor-asigurate-in-sistemul-unitar-de-pensii-publice-in-baza-contractului-de-asigurare-sociala\/\" class=\"more-link\">Continue reading<span class=\"screen-reader-text\"> &#8220;\u00cen aten\u021bia persoanelor asigurate \u00een sistemul unitar de pensii publice \u00een baza Contractului de asigurare social\u0103&#8221;<\/span><\/a><\/p>\n","protected":false},"author":3,"featured_media":0,"parent":0,"menu_order":0,"comment_status":"closed","ping_status":"closed","template":"","meta":[],"_links":{"self":[{"href":"http:\/\/www.cjpgalati.ro\/index.php\/wp-json\/wp\/v2\/pages\/709"}],"collection":[{"href":"http:\/\/www.cjpgalati.ro\/index.php\/wp-json\/wp\/v2\/pages"}],"about":[{"href":"http:\/\/www.cjpgalati.ro\/index.php\/wp-json\/wp\/v2\/types\/page"}],"author":[{"embeddable":true,"href":"http:\/\/www.cjpgalati.ro\/index.php\/wp-json\/wp\/v2\/users\/3"}],"replies":[{"embeddable":true,"href":"http:\/\/www.cjpgalati.ro\/index.php\/wp-json\/wp\/v2\/comments?post=709"}],"version-history":[{"count":1,"href":"http:\/\/www.cjpgalati.ro\/index.php\/wp-json\/wp\/v2\/pages\/709\/revisions"}],"predecessor-version":[{"id":710,"href":"http:\/\/www.cjpgalati.ro\/index.php\/wp-json\/wp\/v2\/pages\/709\/revisions\/710"}],"wp:attachment":[{"href":"http:\/\/www.cjpgalati.ro\/index.php\/wp-json\/wp\/v2\/media?parent=709"}],"curies":[{"name":"wp","href":"https:\/\/api.w.org\/{rel}","templated":true}]}}