{"id":705,"date":"2020-11-05T10:15:53","date_gmt":"2020-11-05T08:15:53","guid":{"rendered":"http:\/\/www.cjpgalati.ro\/?page_id=705"},"modified":"2020-11-05T10:15:53","modified_gmt":"2020-11-05T08:15:53","slug":"prelucrarea-si-protectia-datelor-cu-caracter-personal","status":"publish","type":"page","link":"http:\/\/www.cjpgalati.ro\/index.php\/prelucrarea-si-protectia-datelor-cu-caracter-personal\/","title":{"rendered":"PRELUCRAREA \u0218I PROTEC\u021aIA DATELOR CU CARACTER PERSONAL"},"content":{"rendered":"\n<p>\u00cen calitate de institu\u021bie public\u0103 de interes judetean, organ de specialitate al administra\u0163iei publice teritoriale care administreaz\u0103 sistemul public de pensii \u015fi sistemul de asigurare pentru accidente de munc\u0103 \u015fi boli profesionale \u015fi care acord\u0103 persoanelor asigurate pensii \u015fi alte presta\u0163ii de asigur\u0103ri sociale, Casa Judeteana de Pensii Galati are responsabilitatea de a informa beneficiarii sistemului public de pensii cu privire la noul Regulament general privind protec\u021bia datelor cu caracter personal (RGPD). \u00cencep\u00e2nd cu data de 25 mai 2018, devine aplicabil Regulamentul general privind protec\u021bia datelor cu caracter personal UE 679\/2016 (RGPD). Prin intermediul acestuia se dore\u0219te crearea unui cadru legislativ unitar \u0219i uniform pe teritoriul Uniunii Europene, care s\u0103 nu mai necesite m\u0103suri na\u021bionale de implementare.<\/p>\n\n\n\n<p><strong>Cine este responsabil pentru datele dumneavoastr\u0103 cu caracter personal \u0219i cum \u00eel pute\u021bi contacta:<\/strong>CNPP, casele teritoriale de pensii si INEMRCM sunt operatori ai datelor dumneavoastr\u0103 cu caracter personal;<\/p>\n\n\n\n<p><strong>Pentru mai multe detalii pute\u021bi contacta:<\/strong>pentru CNPP \u2013 responsabilul cu protec\u021bia datelor la adresa de email dpo@cnpp.ropentru casele teritoriale de pensii \u2013 responsabilul cu protec\u021bia datelor de la casa teritorial\u0103 de pensii Galati- Dumitriu Octavian, adresa de e-mail dpo.cjpgalati@cnpp.ropentru INEMRCM &#8211; responsabilul cu protec\u021bia datelor la adresa de email dpo.inemrcm@cnpp.ro<\/p>\n\n\n\n<p><strong>Protec\u021bia datelor personale<\/strong><\/p>\n\n\n\n<p>Conform cerin\u021belor Regulamentului UE 679\/2016 pentru protec\u021bia persoanelor cu privire la prelucrarea datelor cu caracter personal \u0219i libera circula\u021bie a acestor date, CJP Galati, administreaz\u0103 \u00een condi\u021bii de siguran\u021b\u0103 \u0219i numai pentru scopurile prev\u0103zute de lege, datele furnizate de dumneavoastr\u0103. Unul dintre principiile cheie \u00een cadrul RGPD este principiul transparen\u021bei. Acesta impune institu\u021biei noastre s\u0103 furnizeze asigura\u021bilor \u0219i beneficiarilor sistemului public de pensii informa\u021bii cu privire la modul \u00een care utilizeaz\u0103 sau proceseaz\u0103 datele personale. Pentru a ne alinia obliga\u021biilor de transparen\u021b\u0103 rezultate din RGPD, v\u0103 inform\u0103m c\u0103 institu\u021bia noastr\u0103, conform prevederilor legale \u00een vigoare, prelucreaz\u0103 datele dumneavoastr\u0103 cu caracter personal.<\/p>\n\n\n\n<p><strong>Scopul \u00een care sunt prelucrate datele personale<\/strong><\/p>\n\n\n\n<p>Scopul prelucr\u0103rii \u00eel constituie acordarea \u0219i plata, prin casa teritoriala de pensii, a presta\u021biilor solicitate de dumneavoastr\u0103 \u00een temeiul reglement\u0103rilor na\u021bionale \u0219i interna\u021bionale \u00een vigoare, \u00een domeniul asigur\u0103rilor \u0219i securit\u0103\u021bii sociale. De asemenea, institu\u021bia noastr\u0103 prelucreaz\u0103 datele dumneavoastr\u0103 cu caracter personal \u00een vederea stabilirii stagiului de cotizare \u00een sistemul public de pensii. Presta\u021biile solicitate de dumneavoastr\u0103 se acord\u0103 de c\u0103tre casa teritoriala de pensii \u00een baza cererii \u00eenregistrate, document care echivaleaz\u0103 cu exprimarea consim\u021b\u0103m\u00e2ntului \u00een mod expres \u0219i neechivoc pentru prelucrarea datelor cu caracter personal.<\/p>\n\n\n\n<p><strong>Date cu caracter personal prelucrate:<\/strong>Nume, prenumeSexCodul numeric personalData na\u0219teriiAdresa de domiciliuInforma\u021bii bancareInforma\u021bii cu caracter medicalInforma\u021bii privind perioadele de asigurare realizate la sistemele de pensii din Rom\u00e2nia sau din str\u0103in\u0103tate<\/p>\n\n\n\n<p><strong>Din ce surse ob\u021bin CNPP \u0219i casele teritoriale de pensii datele dumneavoastr\u0103 cu caracter personal:<\/strong>\u00een mod direct, din cererile privind acordarea \u0219i plata presta\u021biilor solicitate \u0219i din documentele ata\u0219ate \u00een acest scop;ca urmare a utiliz\u0103rii de c\u0103tre dumneavoastr\u0103 a sistemelor noastre electronice;ob\u021binute ca urmare a comunic\u0103rilor trimise, conform legii, de c\u0103tre dumneavoatr\u0103 unor ter\u021bi (ex.: institu\u021bii publice, institu\u021bii bancare, administrator fond privat pensii);ca urmare a comunic\u0103rilor trimise institu\u021biei noastre, conform legii de c\u0103tre ter\u021bi (ex.: institu\u021bii publice, institu\u021bii bancare, angajatori, agen\u021bi economici, administratori fond privat pensii);<\/p>\n\n\n\n<p><strong>CNPP \u0219i casele teritoriale de pensii pun la dispozi\u021bie, \u00een condi\u021biile legii, datele dumneavoastr\u0103 cu caracter personal c\u0103tre:<\/strong>autorit\u0103\u021bi guvernamentale \u0219i judec\u0103tore\u0219ti \u0219i alte persoane juridice implicate \u00een proceduri legale;organe de cercetare penal\u0103, autorit\u0103\u021bi fiscale, precum \u0219i c\u0103tre alte persoane juridice fa\u021b\u0103 de care dezv\u0103luirea este cerut\u0103 de lege;persoane juridice cu competen\u021be, potrivit legii, \u00een derularea opera\u021biunilor referitoare la plata presta\u021biilor acordate de c\u0103tre casele teritoriale de pensii.<\/p>\n\n\n\n<p><strong>C\u00e2t timp p\u0103streaz\u0103 CNPP \u0219i casele teritoriale de pensii datele dumneavoastr\u0103 cu caracter personal:<\/strong>at\u00e2t timp c\u00e2t este necesar pentru \u00eendeplinirea scopurilor din prezenta informare, \u00een raport cu persoana dumneavoastr\u0103 sau pentru a asigura conformitatea cu obliga\u021biile legale, instituite \u00een sarcina noastr\u0103.<\/p>\n\n\n\n<p><strong>Care sunt drepturile dumneavoastr\u0103 \u00een leg\u0103tur\u0103 cu datele cu caracter personal:<\/strong>ave\u021bi dreptul de a solicita rectificarea datelor dumneavoastr\u0103 cu caracter personal, \u00een situa\u021bia \u00een care acestea sunt incorecte sau au intervenit modific\u0103ri;ave\u021bi dreptul de a solicita o copie a \u00eenscrisurilor de\u021binute de c\u0103tre CNPP \u0219i casele teritoriale de pensii care con\u021bin datele dumneavoastr\u0103 cu caracter personal;\u0219tergerea datelor cu caracter personal, dup\u0103 expirarea perioadei legale de acordare a drepturilor solicitate \u0219i acordate;restric\u021bionarea utiliz\u0103rii datelor cu caracter personal, \u00een condi\u021biile prev\u0103zute RGPR.<\/p>\n","protected":false},"excerpt":{"rendered":"<p>\u00cen calitate de institu\u021bie public\u0103 de interes judetean, organ de specialitate al administra\u0163iei publice teritoriale care administreaz\u0103 sistemul public de pensii \u015fi sistemul de asigurare pentru accidente de munc\u0103 \u015fi boli profesionale \u015fi care acord\u0103 persoanelor asigurate pensii \u015fi alte presta\u0163ii de asigur\u0103ri sociale, Casa Judeteana de Pensii Galati are responsabilitatea de a informa beneficiarii &hellip; <\/p>\n<p class=\"link-more\"><a href=\"http:\/\/www.cjpgalati.ro\/index.php\/prelucrarea-si-protectia-datelor-cu-caracter-personal\/\" class=\"more-link\">Continue reading<span class=\"screen-reader-text\"> &#8220;PRELUCRAREA \u0218I PROTEC\u021aIA DATELOR CU CARACTER PERSONAL&#8221;<\/span><\/a><\/p>\n","protected":false},"author":3,"featured_media":0,"parent":0,"menu_order":0,"comment_status":"closed","ping_status":"closed","template":"","meta":[],"_links":{"self":[{"href":"http:\/\/www.cjpgalati.ro\/index.php\/wp-json\/wp\/v2\/pages\/705"}],"collection":[{"href":"http:\/\/www.cjpgalati.ro\/index.php\/wp-json\/wp\/v2\/pages"}],"about":[{"href":"http:\/\/www.cjpgalati.ro\/index.php\/wp-json\/wp\/v2\/types\/page"}],"author":[{"embeddable":true,"href":"http:\/\/www.cjpgalati.ro\/index.php\/wp-json\/wp\/v2\/users\/3"}],"replies":[{"embeddable":true,"href":"http:\/\/www.cjpgalati.ro\/index.php\/wp-json\/wp\/v2\/comments?post=705"}],"version-history":[{"count":1,"href":"http:\/\/www.cjpgalati.ro\/index.php\/wp-json\/wp\/v2\/pages\/705\/revisions"}],"predecessor-version":[{"id":706,"href":"http:\/\/www.cjpgalati.ro\/index.php\/wp-json\/wp\/v2\/pages\/705\/revisions\/706"}],"wp:attachment":[{"href":"http:\/\/www.cjpgalati.ro\/index.php\/wp-json\/wp\/v2\/media?parent=705"}],"curies":[{"name":"wp","href":"https:\/\/api.w.org\/{rel}","templated":true}]}}