{"id":640,"date":"2020-11-03T15:34:21","date_gmt":"2020-11-03T13:34:21","guid":{"rendered":"http:\/\/www.cjpgalati.ro\/?page_id=640"},"modified":"2025-03-19T15:54:25","modified_gmt":"2025-03-19T13:54:25","slug":"atributiile-departamentelor","status":"publish","type":"page","link":"http:\/\/www.cjpgalati.ro\/index.php\/atributiile-departamentelor\/","title":{"rendered":"Atributiile departamentelor"},"content":{"rendered":"\n<p>COMPARTIMENTE SUBORDONATE DIRECTORULUI EXECUTIV<\/p>\n\n\n\n<p>Compartimentul I.T.<\/p>\n\n\n\n<ul>\n<li>Monitorizeaz\u0103 func\u0163ionarea subsistemului informatic la nivelul casei teritoriale de pensii \u015fi respectarea standardelor de exploatare stabilite de C.N.P.P.;<\/li>\n\n\n\n<li>Asigur\u0103 testarea, implementarea \u015fi predarea \u00een exploatare a produselor &#8211; program realizate de C.N.P.P.;<\/li>\n\n\n\n<li>Asigur\u0103 administrarea re\u0163elelor de calculatoare ale casei teritoriale de pensii;<\/li>\n\n\n\n<li>Asigur\u0103 asisten\u0163a tehnic\u0103 pentru gestionarea bazelor de date privind asigura\u0163ii sistemului public de pensii, respectiv, a pensionarilor sistemului public de pensii \u015fi a beneficiarilor de drepturi prev\u0103zute de legi speciale;<\/li>\n\n\n\n<li>Asigur\u0103 instruirea personalului \u00een vederea utiliz\u0103rii corecte a calculatoarelor \u015fi a produselor -programe omologate, pe baza instruc\u0163iunilor emise de C.N.P.P.;<\/li>\n\n\n\n<li>Asigur\u0103 fundamentarea dot\u0103rilor cu echipamente de prelucrare date;<\/li>\n\n\n\n<li>Asigur\u0103 efectuarea lunar\u0103 a copiilor de siguran\u0163\u0103 pentru datele gestionate la nivelul casei teritoriale de pensii;<\/li>\n\n\n\n<li>Asigur\u0103 suportul tehnic pentru transmisia datelor necesare consolid\u0103rii bazei de date na\u0163ionale a C.N.P.P.;<\/li>\n<\/ul>\n\n\n\n<p>Compartimentul Resurse Umane<\/p>\n\n\n\n<ul>\n<li>Elaboreaz\u0103 lucr\u0103rile privind eviden\u0163a \u015fi mi\u015fcarea personalului;Efectueaz\u0103 activitatea de selec\u0163ie, \u00eencadrare, promovare \u015fi avansare a personalului;<\/li>\n\n\n\n<li>\u00centocme\u015fte, completeaz\u0103 \u015fi gestioneaz\u0103 cametele de munc\u0103 pentru personalul casei teritoriale de pensii;<\/li>\n\n\n\n<li>Verific\u0103 \u00eentocmirea fi\u015felor de pontaj, \u0163ine eviden\u0163a concediilor medicale, a concediilor de odihn\u0103, a concediilor f\u0103r\u0103 plat\u0103 aprobate, a absen\u0163elor nemotivate \u015fi a orelor suplimentare efectuate;<\/li>\n\n\n\n<li>Tine eviden\u0163a deciziilor emise de directorul coordonator, \u00een realizarea atribu\u0163iilor ce \u00eei revin;<\/li>\n\n\n\n<li>\u00centocme\u015fte formalit\u0103\u0163ile \u00een vederea pension\u0103rii salaria\u0163ilor casei teritoriale de pensii;<\/li>\n\n\n\n<li>Gestioneaz\u0103 eviden\u0163a evalu\u0103rii anuale a personalului;<\/li>\n\n\n\n<li>Urm\u0103re\u015fte \u00eentocmirea, actualizarea \u015fi respectarea fi\u015felor de post \u015fi asigur\u0103 gestionarea acestora;<\/li>\n\n\n\n<li>\u00centocme\u015fte, completeaz\u0103 \u015fi gestioneaz\u0103 dosarele personale ale salaria\u0163ilor;<\/li>\n\n\n\n<li>\u00centocme\u015fte, p\u0103streaz\u0103 \u015fi actualizeaz\u0103 dosarele profesionale ale func\u0163ionarilor publici \u015fi p\u0103streaz\u0103 confiden\u0163ialitatea datelor cu caracter personal;<\/li>\n\n\n\n<li>\u00centocme\u015fte, \u00eempreun\u0103 cu celelalte compartimente, programarea concediilor de odihn\u0103 \u015fi urm\u0103re\u015fte efectuarea acestora \u00een concordan\u0163\u0103 cu programarea aprobat\u0103;<\/li>\n\n\n\n<li>Asigur\u0103 participarea salaria\u0163ilor la programele de instruire \u015fi perfec\u0163ionare profesional\u0103;<\/li>\n<\/ul>\n\n\n\n<p>Compartimentul accidente de munca si boli profesionale<\/p>\n\n\n\n<ul>\n<li>Desfa\u015foar\u0103 activitatea de prevenire a accidentelor de munc\u0103 \u015fi bolilor profesionale, \u00een scopul \u00eembun\u0103t\u00e2\u0163irii activit\u0103\u0163ii privind securitatea \u015fi s\u0103n\u0103tatea \u00een munc\u0103 la locul de munc\u0103;<\/li>\n\n\n\n<li>Ac\u0163ioneaz\u0103, prin diverse forme \u015fi mijloace de educare \u015fi comunicare, \u00een scopul prevenirii accidentelor de munc\u0103 \u015fi a bolilor profesionale;<\/li>\n\n\n\n<li>Consiliaz\u0103 angajatorii cu privire la \u00eentocmirea instruc\u0163iunilor proprii \u015fi recomand\u0103, prin programele de lucru, m\u0103suri de prevenire;<\/li>\n\n\n\n<li>\u0162ine eviden\u0163a modului de acordare a presta\u0163iilor \u015fi serviciilor de asigurare pentru accidente de munc\u0103 \u015fi boli profesionale;<\/li>\n\n\n\n<li>\u0162ine eviden\u0163a accidentelor de munc\u0103 \u015fi a bolilor profesionale, precum \u015fi a cheltuielilor generate de acestea;<\/li>\n\n\n\n<li>Prime\u015fte formularele comunitare, verific\u0103 infomia\u0163iile \u015fi opereaz\u0103 decont\u0103rile corespunz\u0103toare, \u00een conformitate cu legisla\u0163ia \u00een vigoare;<\/li>\n\n\n\n<li>Prime\u015fte cererile, verific\u0103 \u00eendeplinirea condi\u0163iilor legale \u015fi \u00eentocme\u015fte documentele pentru acordarea prestatiilor.de asigurare pentru accidente de raunc\u0103 \u015fi boli profesionale;<\/li>\n\n\n\n<li>Suspend\u0103 dreptul la presta\u0163iile de asigurare \u00een cazurile \u00eentemeiate, conform dispozi\u0163iilor legale \u00een vigoare;<\/li>\n\n\n\n<li>Desfa\u015foar\u0103 activit\u0103\u0163ile necesare \u00een recuperarea func\u0163ional\u0103 a asigura\u0163ilor, conform reglement\u0103rilor \u00een vigoare;<\/li>\n\n\n\n<li>Vizeaz\u0103 certificatele medicale rezultate \u00een urma unui accident de munc\u0103 sau a unei boli profesionale;<\/li>\n\n\n\n<li>Prime\u015fte documenta\u0163ia \u015fi o verific\u0103, \u00een vederea decont\u0103rii serviciilor medicale cazurile de accidente de munc\u0103 \u015fi boli profesionale;<\/li>\n\n\n\n<li>\u0162ine leg\u0103tura cu Casa de Asigur\u0103ri de S\u0103n\u0103tate, \u00een vederea derul\u0103rii, conform reglement\u0103rilor \u00een vigoare, a procedurii de decontare, at\u00e2t pentru cazurile de accident de munc\u0103 c\u00e2t \u015fi pentru cazurile de boli profesionale;<\/li>\n\n\n\n<li>Realizeaz\u0103 leg\u0103tura cu celelalte case teritoriale de pensii \u015fi institu\u0163ii implicate (Inspectoratul teritorial de munc\u0103, Institutul Na\u0163ional de Expertiz\u0103 Medical\u0103 \u015fi Recuperarea Capacit\u0103\u0163ii de Munc\u0103 &#8211; INEMRCM, Autoritatea de S\u0103n\u0103tatea Public\u0103), \u00een vederea \u00eendeplinirii obliga\u0163iilor legale;<\/li>\n\n\n\n<li>Constat\u0103 contraven\u0163iile \u015fi aplic\u0103 sanc\u0163iuni potrivit legii;<\/li>\n<\/ul>\n\n\n\n<p>Serviciul legislatie, contencios, executare silita, comunicare si relatii publice<\/p>\n\n\n\n<ul>\n<li>Reprezint\u0103 interesele casei teritoriale de pensii \u00een fa\u0163a instan\u0163elor competente a judeca litigiile de asigur\u0103ri sociale, de contencios administrativ, civile \u015fi\/sau penale, comerciale, cu privire la procedura de executare silit\u0103 \u015fi contesta\u0163iile \u00eempotriva m\u0103surilor de executare silit\u0103 la judecata acestora \u00een prima instan\u0163\u0103 sau \u00een c\u0103i de atac; &#8212;&#8212;- Asigur\u0103 efectuarea procedurii de executare silit\u0103 ;<\/li>\n\n\n\n<li>Reprezinta , pe baza de mandat , Casa Judeteana de Pensii in fata instantelor judecatoresti, in toate cazurile care au legatura cu procedura de executare silita;<\/li>\n\n\n\n<li>Asigura aistenta juridica in solutionarea sesizarilor , cererilor si scrisorilor in probleme de legislatia pensiilor si a altor drepturi de asigurari sociale;<\/li>\n\n\n\n<li>Indruma si spijina personalul Casei Judetene de Pensii , angajatorii si asiguratii in vedera aplicarii unitare a legislatiei in domeniul asigurarilor sociale , pensiilor si altor drepturi de asigurari sociale;<\/li>\n\n\n\n<li>Asigur\u0103 \u00eentreaga activitate de comunicare \u015fi rela\u0163ii cu publicul \u00een cadrul casei teritoriale de pensii;<\/li>\n\n\n\n<li>Asigur\u0103 promovarea imaginii casei teritoriale de pensii, monitorizeaz\u0103 mass-media local\u0103 \u015fi \u00eentocme\u015fte raport\u0103rile stabilite;<\/li>\n\n\n\n<li>Asigur\u0103 liberul acces la informa\u0163iile de interes public.<\/li>\n<\/ul>\n\n\n\n<p>DIRECTIA ECONOMICA SI EVIDENTA CONTRIBUTII<\/p>\n\n\n\n<p>Compartimentul financiar- contabilitate<\/p>\n\n\n\n<ul>\n<li>Fundamenteaz\u0103 propuneri privind proiectul bugetului asigur\u0103rilor sociale de stat, precum \u015fi propuneri de fundamentare a indicatorilor specif\u00eeci cu fman\u0163are din bugetul de stat;<\/li>\n\n\n\n<li>Urm\u0103re\u015fte \u015fi r\u0103spunde de realizarea indicatorilor bugetului asigur\u0103rilor sociale de stat, repartiza\u0163i conform legii;<\/li>\n\n\n\n<li>\u0162ine contabilitatea analitic\u0103 pentru fiecare debitor al bugetuhii asigur\u0103rilor sociale de stat;<\/li>\n\n\n\n<li>Emite ordinele de plat\u0103 \u015fi vireaz\u0103, la termenele stabilite, sumele necesare achit\u0103rii drepturilor de pensii \u015fi a altor indemniza\u0163ii c\u0103tre beneficiarii din \u0163ar\u0103 \u015fi str\u0103in\u0103tate;<\/li>\n\n\n\n<li>Asigur\u0103 ca achizi\u0163ionarea de materiale \u015fi echipamente s\u0103 se fac\u0103 cu \u00eencadrarea \u00een fondurile aprobate;<\/li>\n\n\n\n<li>Urm\u0103re\u015fte, centralizeaz\u0103 \u015fi contabilizeaz\u0103 cheltuielile efectuate din bugetul asigurarilor sociale de stat, bugetul de stat, fondul asigur\u0103rilor pentru accidente de munc\u0103 \u015fi boli profesionale, fondul de stimulente;<\/li>\n\n\n\n<li>Exercit\u0103 controlul financiar preventiv, conform normelor \u00een vigoare;<\/li>\n\n\n\n<li>Efectueaz\u0103 inventarierea patrimoniului conform legii, urm\u0103re\u015fte \u015fi \u00eenregistreaz\u0103 mi\u015fcarea mijloacelor fixe \u015fi achizi\u0163ionarea obiectelor de inventar;<\/li>\n\n\n\n<li>Asigur\u0103 recep\u0163ia cantitativ\u0103 \u015fi calitativ\u0103 precura \u015fi eviden\u0163a consumurilor pe categorii;<\/li>\n<\/ul>\n\n\n\n<p>Compartimentul gestiune bilete de tratament<\/p>\n\n\n\n<ul>\n<li>Intocme\u015fte situa\u0163ia privind necesarul de locuri \u00een sta\u0163iuni de tratament \u015fi odihn\u0103 \u015fi o \u00eenainteaz\u0103 CNPP;<\/li>\n\n\n\n<li>Asigur\u0103 eviden\u0163a cererilor pentru bilete de tratament;<\/li>\n\n\n\n<li>Urm\u0103re\u015fte ca fiecare beneficiar s\u0103 primeasc\u0103 un singur bilet de tratament \u00een cursul unui an calendaristic;<\/li>\n\n\n\n<li>R\u0103spunde de valorificarea biletelor primite prin reparti\u0163ie;<\/li>\n\n\n\n<li>Colaboreaz\u0103 cu organiza\u0163iile de pensionari \u015fi cu organiza\u0163iile sindicale reprezentative la nivel teritorial\/beneficiarilor, \u00een vederea imbun\u0103t\u0103\u0163irii activit\u0103\u0163ii privind reparti\u0163ia biletelor de tratament;<\/li>\n<\/ul>\n\n\n\n<p>Compartimentul Arhiva<\/p>\n\n\n\n<ul>\n<li>Asigur\u0103 eviden\u0163a tuturor documentelor intrate \u015fi ie\u015fite din depozitul de arhiv\u0103, pe baza registrului de eviden\u0163\u0103 curent\u0103;<\/li>\n\n\n\n<li>Realizeaz\u0103 opera\u0163iunile de ordonare \u015fi inventariere a documentelor neordonate \u015fi far\u0103 eviden\u0163e, aflate \u00een depozite, indiferent de provenien\u0163a lor;<\/li>\n\n\n\n<li>Organizeaz\u0103 depozitul de arhiv\u0103 \u015fi sistematizeaz\u0103 documentele dup\u0103 criterii stabilite \u00een prealabil, conform prevederilor legisla\u0163iei \u00een domeniu;<\/li>\n<\/ul>\n\n\n\n<p>Compartimentul achizitii publice<\/p>\n\n\n\n<ul>\n<li>Asigur\u0103 achizi\u0163ionarea de materiale, echipamente \u015fi servicii, cu \u00eencadrarea \u00een fondurile aprobate;<\/li>\n\n\n\n<li>Asigur\u0103 derularea procedurilor de achizitii publice, \u00een conditiile legii;<\/li>\n\n\n\n<li>Intocme\u015fte programul anual de achizi\u0163ii;<\/li>\n\n\n\n<li>Urmare\u015fte, \u00een colaborare cu compartimentele func\u0163ionale, derularea contractelor \u00eencheiate;<\/li>\n<\/ul>\n\n\n\n<p>Serviciul evidenta contributii&nbsp;<\/p>\n\n\n\n<ul>\n<li>Recep\u0163ioneaz\u0103 \u015fi prelucreaz\u0103, lunar, datele primite de la Agen\u0163ia Na\u0163ional\u0103 de Administrare Fiscal\u0103 privind documentele de plat\u0103 c\u0103tre bugetul asigur\u00e2rilor sociale de stat, \u00een baza protocolului \u00eencheiat \u00eentre cele dou\u0103 p\u0103r\u0163i;<\/li>\n\n\n\n<li>Recep\u0163ioneaz\u0103 \u015fi prelucreaz\u0103 lunar datele primite electronic \u00een ceea ce prive\u015fte constituirea stagiului de cotizare ;<\/li>\n\n\n\n<li>Recep\u0163ioneaz\u0103 \u015fi prelucreaz\u0103 datele primite de la angajatori, \u00een ceea ce prive\u015fte \u00eencadrarea locurilor de munc\u0103 \u00een condi\u0163ii deosebite si speciale, \u00een baza avizului acordat de inspectoratul teritorial de munca;<\/li>\n\n\n\n<li>Gestioneaz\u0103 baza de date privind asigura\u0163ii sistemului public de pensii, pe baza declaratiilor lunare preluate de la angajatori si a contractelor de asigurare;<\/li>\n\n\n\n<li>Indepline\u015fte atribu\u0163ii referitoare la sistemul pensiilor obligatorii administrate privat;<\/li>\n\n\n\n<li>Intocme\u015fte, potrivit competen\u0163elor avute \u00een aplicarea regulamentelor comunitare de coordonare a sistemelor de securitate social\u0103, formulare de notificare a respingerii cererii de emitere a formularului E101;<\/li>\n\n\n\n<li>Elibereaza, pe baza de cerere, adeverinte privind certificarea stagiului de cotizare, dupa aprilie 2001;<\/li>\n\n\n\n<li>Incheie contracte de asigurare sociala, conf.  prev.  lg.263\/2010, in vederea obtinerii pensiei pentru limita de varsta;<\/li>\n\n\n\n<li>Incheie contracte de asigurare sociala, retroactiv, in baza oug. 163\/2020. Asigurarea se poate incheia pana la data de 31.08.2023;<\/li>\n\n\n\n<li>Acorda ajutor de deces in cazul decesului asiguratului sau unui membru de familie al acestuia;<\/li>\n<\/ul>\n\n\n\n<p>DIRECTIA STABILIRI SI PLATI PRESTATII<\/p>\n\n\n\n<p>Serviciul Stabiliri Prestatii<\/p>\n\n\n\n<ul>\n<li>Primirea cererilor si dosarelor de pensionare;<\/li>\n\n\n\n<li>Calculul punctajului realizat si a dreptului de pensie ,emitind in acest sens decizia de admitere sau respingere a cererii;<\/li>\n\n\n\n<li>Suspendarea ,sistarea sau reluarea platii pensiei in situatiile prevazute de lege;<\/li>\n\n\n\n<li>Efectuarea modificarii drepturilor de pensie conform prevederilor legale si emiterea in acest sens a deciziilor de pensie;<\/li>\n\n\n\n<li>Constituirea de debite in situatiile in care se constata erori sau plati necuvenite ale drepturilor de pensie;<\/li>\n\n\n\n<li>Stabilirea si calculul drepturilor ce se acorda in baza unor legi speciale,emitind in acest sens decizia;<\/li>\n<\/ul>\n\n\n\n<p>Serviciul Plati Prestatii<\/p>\n\n\n\n<ul>\n<li>Comunicarea, in plata, in sistem centralizat drepturilor lunare si a restantelor pentru inscrieri noi, modificari de drepturi, reluarea drepturilor suspendate<\/li>\n\n\n\n<li>Comunicarea, in sistem centralizat a modificarilor in datele de identificare a beneficiarilor de drepturi (schimb nume, schimb adresa, schimb tutore, schimb curator,etc)<\/li>\n\n\n\n<li>Comunicarea, in sistem centralizat a modificarilor in modalitatea de plata (viarare in cont curent, scoatere din cont curent si comunicare la posta)<\/li>\n\n\n\n<li>Comunicarea, in sistem centralizat a suspendarilor din plata cu motivarea acestora<\/li>\n\n\n\n<li>Transferarea dosarelor la alte case judetene de pensii<\/li>\n\n\n\n<li>Eliberarea adeverintei pentru plecarea definitiva din tara a beneficiarului de drepturi<\/li>\n\n\n\n<li>Eliberarea de adeverinte pentru diferite nevoi<\/li>\n\n\n\n<li>Evidenta titlurilor executorii si operarea retinerilor din drepturile beneficiarilor de asigurari sociale;<\/li>\n<\/ul>\n\n\n\n<p>Compartimentul Pensii Internationale<\/p>\n\n\n\n<ul>\n<li>Asigur\u0103 aplicarea prevederilor regulamentelor comunitare din domeniul coordonarii sistemelor de securitate social\u0103, \u00een vederea protej\u0103rii drepturilor de pensie \u015fi ne\u00eengr\u0103dirii liberei circula\u0163ii a lucr\u0103torilor migran\u0163i;<\/li>\n\n\n\n<li>Asigur\u0103 desfa\u015furarea procesului de comunicare dintre solicitant \u015fi institu\u0163iile abilitate sau dintre organismele de leg\u0103tur\u0103 din statele membre UE prin intermediul formularelor europene de leg\u0103tur\u0103;<\/li>\n\n\n\n<li>Asigur\u0103 primirea \u015fi prelucrarea coresponden\u0163ei de la celelalte institu\u0163ii \u00een materie de pensii din statele membre UE \u015fi completeaz\u0103 dosarele \u00een vederea stabilirii presta\u0163iilor de asigur\u0103ri sociale de c\u0103tre Serviciul stabiliri presta\u0163ii;<\/li>\n\n\n\n<li>Emite atestatul privind certificarea stagiului de cotizare (formularul E205), solicitant pe teritoriul Rom\u00e2niei;<\/li>\n\n\n\n<li>Emite decizii de pensie na\u0163ional\u0103 \u015fi comunitar\u0103 pentru asigura\u0163ii care au realizat stagii de cotizare, at\u00e2t \u00een sistemul public din Rom\u00e2nia c\u00e2t \u015fi din alte \u0163\u0103ri;<\/li>\n\n\n\n<li>Solu\u0163ioneaz\u0103, centralizeaz\u0103 \u015fi raporteaz\u0103 sesiz\u0103rile, peti\u0163iile \u015fi memoriile av\u00e2nd ca obiect presta\u0163iile comunitare;<\/li>\n\n\n\n<li>Prime\u015fte \u015fi completeaz\u0103 formularele de leg\u0103tur\u0103 prin care se solicit\u0103, de c\u0103tre institu\u0163ii similare din str\u0103in\u0103tate, confirmarea stagiilor de cotizare realizate \u00een sistemul public de pensii din Rom\u00e2nia, necesare stabilirii drepturilor de pensii interna\u0163ionale;<\/li>\n\n\n\n<li>Inregistreaz\u0103 cererile de pensii intema\u0163ionale depuse, la sediul s\u0103u, de persoanele \u00eendrept\u0103\u0163ite, instrumenteaz\u0103 dosarele, emite \u015fi comunic\u0103 tuturor institu\u0163iilor \u00een cauz\u0103 din str\u0103in\u0103tate formularele, documentele \u015fi dedziile de admitere a cererii de \u00eenscriere la pensie sau de respingere a cererii, dup\u0103 caz;<\/li>\n\n\n\n<li>Asigur\u0103 transmiterea, \u00een vederea traducerii, a documentelor cu caracter intema\u0163ional \u015fi eviden\u0163a acestora;<\/li>\n<\/ul>\n\n\n\n<p>CASA TERITORIALA DE PENSII TECUCI<\/p>\n\n\n\n<ul>\n<li>Asigur\u0103 func\u0163ionarea subsistemului informatic \u015fi respectarea standardelor de exploatare stabilite de casa teritorial\u0103 de pensii \u015fi administrarea re\u0163elei de calculatoare a casei locale de pensii;<\/li>\n\n\n\n<li>Asigur\u0103, la nivel zonal, eviden\u0163a lunar\u0103 pentru asigura\u0163ii care \u00eencheie contracte de asigurare.<\/li>\n\n\n\n<li>Colaboreaz\u0103 la recuperarea datoriilor c\u0103tre bugetul asigur\u0103rilor sociale de stat;<\/li>\n\n\n\n<li>Verific\u0103 \u00eendeplinirea condi\u0163iilor prev\u0103zute de lege pentru \u00eenscrierea la pensie;<\/li>\n\n\n\n<li>Colaboreaz\u0103 la stabilirea stagiului de cotizare \u015fi a contribu\u0163iei depuse;<\/li>\n\n\n\n<li>Calculeaz\u0103 punctajul realizat, dreptul de pensie \u015fi emite decizia de \u00eenscriere la pensie sau de respingere a cererii, dup\u0103 caz;<\/li>\n\n\n\n<li>Verific\u0103 corectitudinea datelor \u00eenscrise pe documentele care \u00eenso\u0163esc decizia de \u00eenscriere la pensie;<\/li>\n\n\n\n<li>Verific\u0103 dosarele de pensii \u00een cazul reclama\u0163iilor \u015fi \u00eentocme\u015fte documenta\u0163ia de solutionare;<\/li>\n\n\n\n<li>Stabile\u015fte drepturile cuvenite pe baza legilor speciale;<\/li>\n<\/ul>\n","protected":false},"excerpt":{"rendered":"<p>COMPARTIMENTE SUBORDONATE DIRECTORULUI EXECUTIV Compartimentul I.T. Compartimentul Resurse Umane Compartimentul accidente de munca si boli profesionale Serviciul legislatie, contencios, executare silita, comunicare si relatii publice DIRECTIA ECONOMICA SI EVIDENTA CONTRIBUTII Compartimentul financiar- contabilitate Compartimentul gestiune bilete de tratament Compartimentul Arhiva Compartimentul achizitii publice Serviciul evidenta contributii&nbsp; DIRECTIA STABILIRI SI PLATI PRESTATII Serviciul Stabiliri Prestatii Serviciul &hellip; <\/p>\n<p class=\"link-more\"><a href=\"http:\/\/www.cjpgalati.ro\/index.php\/atributiile-departamentelor\/\" class=\"more-link\">Continue reading<span class=\"screen-reader-text\"> &#8220;Atributiile departamentelor&#8221;<\/span><\/a><\/p>\n","protected":false},"author":3,"featured_media":0,"parent":0,"menu_order":0,"comment_status":"closed","ping_status":"closed","template":"","meta":[],"_links":{"self":[{"href":"http:\/\/www.cjpgalati.ro\/index.php\/wp-json\/wp\/v2\/pages\/640"}],"collection":[{"href":"http:\/\/www.cjpgalati.ro\/index.php\/wp-json\/wp\/v2\/pages"}],"about":[{"href":"http:\/\/www.cjpgalati.ro\/index.php\/wp-json\/wp\/v2\/types\/page"}],"author":[{"embeddable":true,"href":"http:\/\/www.cjpgalati.ro\/index.php\/wp-json\/wp\/v2\/users\/3"}],"replies":[{"embeddable":true,"href":"http:\/\/www.cjpgalati.ro\/index.php\/wp-json\/wp\/v2\/comments?post=640"}],"version-history":[{"count":3,"href":"http:\/\/www.cjpgalati.ro\/index.php\/wp-json\/wp\/v2\/pages\/640\/revisions"}],"predecessor-version":[{"id":1753,"href":"http:\/\/www.cjpgalati.ro\/index.php\/wp-json\/wp\/v2\/pages\/640\/revisions\/1753"}],"wp:attachment":[{"href":"http:\/\/www.cjpgalati.ro\/index.php\/wp-json\/wp\/v2\/media?parent=640"}],"curies":[{"name":"wp","href":"https:\/\/api.w.org\/{rel}","templated":true}]}}