{"id":637,"date":"2020-11-03T10:15:54","date_gmt":"2020-11-03T08:15:54","guid":{"rendered":"http:\/\/www.cjpgalati.ro\/?page_id=637"},"modified":"2020-11-03T10:15:54","modified_gmt":"2020-11-03T08:15:54","slug":"documente","status":"publish","type":"page","link":"http:\/\/www.cjpgalati.ro\/index.php\/documente\/","title":{"rendered":"Documente"},"content":{"rendered":"\n<ul><li>Cerere de solicitare de informa\u0163ii de interes public \u2013 con\u021bine urm\u0103toarele informa\u021bii:<ul><li>Denumirea autorit\u0103\u0163ii sau institu\u0163iei publice;<\/li><li>Sediul\/adresa;<\/li><li>Data;<\/li><li>Cerere conform Legii nr. 544\/2001 privind liberul acces la informa\u0163iile de interes public;<\/li><li>Modul de transmitere al informa\u021biilor;<\/li><li>Semnatura petentului;<\/li><li>Nume petent;<\/li><li>Adresa;<\/li><li>Profesia, telefonul \u0219i fax-ul op\u021bional.<\/li><\/ul><\/li><li>Registrul de eviden\u0163\u0103 al solicit\u0103rilor de informa\u0163ii de interes public &#8211; con\u021bine eviden\u021ba tuturor solicit\u0103rilor de informa\u021bii \u00een baza Legii nr. 544\/2001, preciz\u00e2nd numele \u0219i prenumele, data, solicitarea etc.<\/li><li>Rapoartele de activitate ale C.J.P. \u2013 con\u021bine urm\u0103toarele informa\u021bii:<ul><li>Misiunea autorit\u0103\u021bii sau institu\u021biei publice, precum \u0219i obiectivele care trebuiau atinse \u00een perioada de raportare;<\/li><li>Indici de performan\u021b\u0103, cu prezentarea gradului de realizare a acestora;<\/li><li>Scurta prezentare a programelor desf\u0103\u0219urate \u0219i a modului de raportare a acestora la obiectivele autorit\u0103\u021bii sau institu\u021biei publice;<\/li><li>Raportarea cheltuielilor, defalcate pe programe;<\/li><li>Nerealizari, cu men\u021bionarea cauzelor acestora (acolo unde este cazul);<\/li><li>Propuneri pentru remedierea deficien\u021belor;<\/li><li>Anexe (grafice, tabele etc.)<\/li><li>Semn\u0103tura directorului\/\u015fefului de serviciu.<\/li><\/ul><\/li><li>Cerere de reclama\u0163ie administrativ\u0103 \u2013 con\u021bine urm\u0103toarele informa\u021bii:<ul><li>Denumirea autorit\u0103\u0163ii sau institu\u0163iei publice;<\/li><li>Sediul\/adresa;<\/li><li>Data;<\/li><li>Reclama\u021bie administrativ\u0103 conform Legii nr. 544\/2001 privind liberul acces la informa\u0163iile de interes public;<\/li><li>Cererea pe baza c\u0103reia se formuleaz\u0103 reclama\u021bia;<\/li><li>Func\u021bionarul public care a r\u0103spuns;<\/li><li>Documentele de interes public solicitate anterior;<\/li><li>Motivul \u00eencadr\u0103rii \u00een categoria documentelor de interes public;<\/li><li>Semnatura petentului;<\/li><li>Nume petent;<\/li><li>Adresa;<\/li><li>Profesia, telefonul \u0219i fax-ul op\u021bional.<\/li><\/ul><\/li><li>Cerere de r\u0103spuns la solicitarea de informa\u0163ii \u2013 con\u021bine urm\u0103toarele informa\u021bii:<ul><li>Denumirea autorit\u0103\u0163ii sau institu\u0163iei publice;<\/li><li>Sediul\/adresa;<\/li><li>Persoana de contact;<\/li><li>Data;<\/li><li>Nume petent;<\/li><li>Adresa;<\/li><li>\u00cen urma cererii, conform Legii nr. 544\/2001 privind liberul acces la informa\u0163iile de interes public;<\/li><li>Documentele de interes public solicitate;<\/li><li>R\u0103spunsul;<\/li><li>Adresa de e-mail la care s-au transmis documentele;<\/li><li>Contravaloarea taxelor de copiere, dac\u0103 este cazul;<\/li><li>Semnatura func\u021bionarului.<\/li><\/ul><\/li><li>Cerere de r\u0103spuns la reclama\u0163ia administrativ\u0103 \u2013 con\u021bine urm\u0103toarele informa\u021bii:<ul><li>Denumirea autorit\u0103\u0163ii sau institu\u0163iei publice;<\/li><li>Sediul\/adresa;<\/li><li>Persoana de contact;<\/li><li>Data;<\/li><li>Nume petent;<\/li><li>Adresa;<\/li><li>\u00cen urma reclama\u021biei, conform Legii nr. 544\/2001 privind liberul acces la informa\u0163iile de interes public;<\/li><li>Documentele de interes public solicitate;<\/li><li>R\u0103spunsul;<\/li><li>Sanc\u021biunea aplicat\u0103, dac\u0103 este cazul;<\/li><li>Semnatura conduc\u0103torului institu\u021biei publice.<\/li><\/ul><\/li><\/ul>\n","protected":false},"excerpt":{"rendered":"<p>Cerere de solicitare de informa\u0163ii de interes public \u2013 con\u021bine urm\u0103toarele informa\u021bii: Denumirea autorit\u0103\u0163ii sau institu\u0163iei publice; Sediul\/adresa; Data; Cerere conform Legii nr. 544\/2001 privind liberul acces la informa\u0163iile de interes public; Modul de transmitere al informa\u021biilor; Semnatura petentului; Nume petent; Adresa; Profesia, telefonul \u0219i fax-ul op\u021bional. Registrul de eviden\u0163\u0103 al solicit\u0103rilor de informa\u0163ii de &hellip; <\/p>\n<p class=\"link-more\"><a href=\"http:\/\/www.cjpgalati.ro\/index.php\/documente\/\" class=\"more-link\">Continue reading<span class=\"screen-reader-text\"> &#8220;Documente&#8221;<\/span><\/a><\/p>\n","protected":false},"author":3,"featured_media":0,"parent":0,"menu_order":0,"comment_status":"closed","ping_status":"closed","template":"","meta":[],"_links":{"self":[{"href":"http:\/\/www.cjpgalati.ro\/index.php\/wp-json\/wp\/v2\/pages\/637"}],"collection":[{"href":"http:\/\/www.cjpgalati.ro\/index.php\/wp-json\/wp\/v2\/pages"}],"about":[{"href":"http:\/\/www.cjpgalati.ro\/index.php\/wp-json\/wp\/v2\/types\/page"}],"author":[{"embeddable":true,"href":"http:\/\/www.cjpgalati.ro\/index.php\/wp-json\/wp\/v2\/users\/3"}],"replies":[{"embeddable":true,"href":"http:\/\/www.cjpgalati.ro\/index.php\/wp-json\/wp\/v2\/comments?post=637"}],"version-history":[{"count":1,"href":"http:\/\/www.cjpgalati.ro\/index.php\/wp-json\/wp\/v2\/pages\/637\/revisions"}],"predecessor-version":[{"id":638,"href":"http:\/\/www.cjpgalati.ro\/index.php\/wp-json\/wp\/v2\/pages\/637\/revisions\/638"}],"wp:attachment":[{"href":"http:\/\/www.cjpgalati.ro\/index.php\/wp-json\/wp\/v2\/media?parent=637"}],"curies":[{"name":"wp","href":"https:\/\/api.w.org\/{rel}","templated":true}]}}