{"id":581,"date":"2020-11-02T14:56:20","date_gmt":"2020-11-02T12:56:20","guid":{"rendered":"http:\/\/www.cjpgalati.ro\/?page_id=581"},"modified":"2020-11-02T14:56:20","modified_gmt":"2020-11-02T12:56:20","slug":"activitate-ambp","status":"publish","type":"page","link":"http:\/\/www.cjpgalati.ro\/index.php\/activitate-ambp\/","title":{"rendered":"Activitate AMBP"},"content":{"rendered":"\n<h3>PRESTATII SI SERVICII DE ASIGURARE PENTRU ACCIDENTE DE MUNCA SI BOLI PROFESIONALE<\/h3>\n\n\n\n<h3>Incepand cu data de 01.01.2005 , in conformitate cu prevederile Legii 346\/ 2002 privind asigurarea pentru accidente de munc\u0103 \u015fi boli profesionale , cu modificarile si completarile ulterioare functioneaza sistemul de asigurare pentru accidente de munca si boli profesionaleAre calitatea de asigurator, potrivit LEGII nr. 346 din 5 iunie 2002 (*actualizat\u0103*) Casa Na\u0163ionala de Pensii si Alte Drepturi de Asigur\u0103ri Sociale, denumita in continuare CNPP &#8211; Casa Nationala de Pensii Publice.Atribu\u0163iile specifice de asigurare pentru accidente de munca si boli profesionale se exercita de casele teritoriale de pensii.Asigurarea pentru accidente de munca si boli profesionale reprezint\u0103 o asigurare de persoane, face parte din sistemul de asigur\u0103ri sociale, este garantat\u0103 de stat si cuprinde raporturi specifice prin care se asigura protec\u0163ia social\u0103 a salaria\u0163ilor impotriva diminu\u0103rii sau pierderii capacit\u0103\u0163ii de munca si decesului acestora ca urmare a accidentelor de munca si a bolilor profesionale.Prin asigurarea pentru accidente de munca si boli profesionale r\u0103spunderea civil\u0103 a persoanei fizice sau juridice pentru presta\u0163iile prev\u0103zute in prezenta lege si pentru care s-a pl\u0103tit contribu\u0163ia de asigurare este preluat\u0103 de asiguratorAsigurarea pentru accidente de munca si boli profesionale garanteaz\u0103 un ansamblu de servicii si presta\u0163ii in beneficiul persoanelor asigurate, in vederea:promov\u0103rii s\u0103n\u0103t\u0103\u0163ii si a securit\u0103\u0163ii in munca si prevenirii accidentelor de munca si a bolilor profesionale;diminu\u0103rii si compens\u0103rii consecin\u0163elor accidentelor de munca si ale bolilor profesionale.Sunt asigurate obligatoriu prin efectul prezentei legi:persoanele care desf\u0103\u015foar\u0103 activit\u0103\u0163i pe baza unui contract individual de munc\u0103, indiferent de durata acestuia, precum \u015fi func\u0163ionarii publici;persoanele care \u00ee\u015fi desf\u0103\u015foar\u0103 activitatea \u00een func\u0163ii elective sau care sunt numite \u00een cadrul autorit\u0103\u0163ii executive, legislative ori judec\u0103tore\u015fti, pe durata mandatului, precum \u015fi membrii cooperatori dintr-o organiza\u0163ie a coopera\u0163iei me\u015fte\u015fug\u0103re\u015fti, ale c\u0103ror drepturi \u015fi obliga\u0163ii sunt asimilate, \u00een condi\u0163iile prezentei legi, cu ale persoanelor prev\u0103zute la lit. a);\u015fomerii, pe toat\u0103 durata efectu\u0103rii practicii profesionale \u00een cadrul cursurilor organizate potrivit legii;ucenicii, elevii \u015fi studen\u0163ii, pe toat\u0103 durata efectu\u0103rii practicii profesionale.Se pot asigura in condi\u0163iile prezentei legi , pe baza de contract individual de asigurare, persoanele care se afla in una sau mai multe dintre urm\u0103toarele situa\u0163ii:asociat unic, asocia\u0163i, comanditari sau ac\u0163ionari;comanditati, administratori sau manageri;membri ai asocia\u0163iei familiale;persoane autorizate sa desf\u0103\u015foare activit\u0103\u0163i independente;persoane angajate in institu\u0163ii interna\u0163ionale;proprietari de bunuri si\/sau arenda\u015fi de suprafe\u0163e agricole si forestiere;persoane care desf\u0103\u015foar\u0103 activit\u0103\u0163i agricole in cadrul gospodariilor individuale sau activit\u0103\u0163i private in domeniul forestier;membri ai societ\u0103\u0163ilor agricole sau ai altor forme de asociere din agricultura;alte persoane interesate, care \u00ee\u015fi desf\u0103\u015foar\u0103 activitatea pe baza altor raporturi juridice dec\u00e2t cele men\u0163ionate anterior.Prevederile sunt aplicabile si angaja\u0163ilor romani care presteaz\u0103 munca in str\u0103in\u0103tate din dispozi\u0163ia angajatorilor romani, in condi\u0163iile legii.Au calitatea de asigurat si cet\u0103\u0163enii str\u0103ini sau apatrizii care presteaz\u0103 munca pentru angajatori romani, pe perioada in care au, potrivit legii, domiciliul sau re\u015fedin\u0163a in Rom\u00e2nia.Raporturile de asigurare , rezultate in temeiul prezentei legi si din contractele de asigurare, se stabilesc \u00eentre:angajatori si asigurator, pentru persoanele asigurate prev\u0103zute la punctul 2 si 4 ( art. 5 si 7 din Legea 346\/ 2002);asigura\u0163i si asigurator, pentru persoanele asigurate prev\u0103zute la punctul 3 ( art. 6 din Legea 346\/ 2002);.Calitatea de asigurat s e dob\u00e2nde\u015fte, iar raporturile de asigurare se stabilesc la data: \u00eencheierii contractului individual de munca, stabilirii raporturilor de serviciu in cazul func\u0163ionarilor publici, valid\u0103rii mandatului pentru persoanele care desf\u0103\u015foar\u0103 activit\u0103\u0163i in func\u0163ii elective, numirii in cadrul autorit\u0103\u0163ii executive, legislative ori judec\u0103tore\u015fti, depunerii adeziunii in cazul membrilor cooperatori, \u00eenceperii practicii profesionale pentru someri, ucenici, elevi si studen\u0163i sau \u00eencheierii contractului individual de asigurare, dup\u0103 caz.Dreptul la presta\u0163iile si serviciilede asigurare pentru accidente de munca si boli profesionale se na\u015fte de la data stabilirii raporturilor de asigurare si \u00eenceteaz\u0103 o data cu aceste raporturi.\u00cen cazul \u00een care din culpa angajatorului sau a persoanei asigurate pe baz\u0103 de contract individual de asigurare nu s-a pl\u0103tit contribu\u0163ia de asigurare pentru accidente de munc\u0103 \u015fi boli profesionale, costul presta\u0163iilor \u015fi al serviciilor de asigurare prev\u0103zute de prezenta lege \u015fi efectuate de c\u0103tre asigur\u0103tor se recupereaz\u0103 de la angajator sau de la persoana asigurat\u0103 pe baz\u0103 de contract individual de asigurare.In cazul bolilor profesionale , declarate in condi\u0163iile legii, in timpul activit\u0103\u0163ii profesionale, dreptul la presta\u0163iile si serviciile de asigurare se men\u0163ine si ulterior \u00eencet\u0103rii raporturilor de munca\/serviciu si a contractelor individuale de asigurare.In cazul bolilor profesionale , declarate in condi\u0163iile legii, ulterior \u00eencet\u0103rii raporturilor de munca si a contractelor de asigurare, dreptul la presta\u0163iile si serviciile de asigurare se acorda dac\u0103 fostul asigurat face dovada, cu acte medicale eliberate conform legii, ca boala a fost cauzat\u0103 de factori profesionali specifici locului de munca.Asigurarea pentru accidente de munca siboli profesionale are urm\u0103toarele obiective:prevenirea accidentelor de munca si a bolilor profesionale;reabilitarea medical\u0103 si socioprofesionala a asigura\u0163ilor, victime ale accidentelor de munca si ale bolilor profesionale, precum si recuperarea capacit\u0103\u0163ii de munca a acestora;acordarea de presta\u0163ii in bani pe termen lung si scurt, sub forma de indemniza\u0163ii si alte ajutoare, in condi\u0163iile prev\u0103zute de prezenta lege.Asigura\u0163ii sistemului de asigurare pentru accidente de munca si boli profesionale au dreptul la urm\u0103toarele presta\u0163ii si servicii:reabilitare medical\u0103 si recuperarea capacit\u0103\u0163ii de munca;reabilitare si reconversie profesional\u0103;indemniza\u0163ie pentru incapacitate temporar\u0103 de munca;indemniza\u0163ie pentru trecerea temporar\u0103 in alt loc de munca si indemniza\u0163ie pentru reducerea timpului de munca;compensa\u0163ii pentru atingerea integrit\u0103\u0163ii;desp\u0103gubiri in caz de deces;ramburs\u0103ri de cheltuieli.<\/h3>\n\n\n\n<h3><strong>a) Presta\u0163ii \u015fi servicii pentru investigare, diagnosticare medical\u0103, reabilitare medical\u0103 \u015fi recuperarea capacit\u0103\u0163ii de munc\u0103<\/strong><\/h3>\n\n\n\n<h3>Asigura\u0163ii au dreptul la presta\u0163ii medicale pentru investigarea, diagnosticarea, reabilitarea st\u0103rii de s\u0103n\u0103tate, precum \u015fi recuperarea capacit\u0103\u0163ii de munc\u0103, \u00een conformitate cu prevederile legale \u00een vigoare.Asigur\u0103torul are obliga\u0163ia de a achita contravaloarea serviciilor medicale acordate p\u00e2n\u0103 c\u00e2nd se realizeaz\u0103:restabilirea st\u0103rii de s\u0103n\u0103tate sau ameliorarea deficien\u0163elor de s\u0103n\u0103tate survenite \u00een urma unui risc asigurat;prevenirea diminu\u0103rii ori a pierderii capacit\u0103\u0163ii de munc\u0103 \u015fi a necesit\u0103\u0163ii de \u00eengrijire permanent\u0103.\u00cen vederea corect\u0103rii \u015fi recuper\u0103rii deficien\u0163elor organice, func\u0163ionale sau fizice cauzate de accidente de munc\u0103 \u015fi boli profesionale, asigura\u0163ii au dreptul, \u00een baza unei cereri, prevazute in anexa nr. 8 , din normele metodologice de aplicare Legii 346\/2002, la dispozitive medicale.Cererea se adreseaz\u0103 casei teritoriale de pensii pe raza c\u0103reia asiguratul \u00ee\u015fi are domiciliul \u015fi va fi \u00eenso\u0163it\u0103 de recomandarea medicului curant.Asigura\u0163ii au dreptul la tratament medical corespunz\u0103tor leziunilor \u015fi afec\u0163iunilor cauzate prin accidente de munc\u0103 sau boli profesionale, dup\u0103 cum urmeaz\u0103:asisten\u0163\u0103 medical\u0103 de urgen\u0163\u0103 la locul accidentului, \u00een mijloacele de transport specializate \u015fi \u00een unit\u0103\u0163ile spitalice\u015fti;tratament medical ambulatoriu, analize medicale \u015fi medicamente, prescrise de medic;servicii medicale \u00een spitale sau \u00een unit\u0103\u0163i sanitare cu personalitate juridic\u0103 specializate pentru boli profesionale;tratament de recuperare a capacit\u0103\u0163ii de munc\u0103 \u00een unit\u0103\u0163i de specialitate;servicii de chirurgie reparatorie;cure balneoclimaterice.investiga\u0163ii de specialitate \u015fi analize de laborator, necesare \u00een vederea stabilirii caracterului de profesionalitate al bolilor.Pentru bolile profesionale confirmate anterior datei de 1 ianuarie 2005 \u015fi pentru care se continu\u0103 reabilitarea medical\u0103 ulterior acestei date ca urmare exclusiv\u0103 a cauzei profesionale, se deconteaz\u0103 urm\u0103toarele presta\u0163ii \u015fi servicii:tratament medical ambulatoriu, analize medicale \u015fi medicamente;servicii medicale \u00een spitale, \u00een sec\u0163ii sau unit\u0103\u0163i sanitare cu personalitate juridic\u0103 specializate pentru boli profesionale;tratament de recuperare a capacit\u0103\u0163ii de munc\u0103 \u00een unit\u0103\u0163i de specialitate;servicii de chirurgie reparatorie;cure balneoclimaterice;dispozitive medicale \u00een vederea corect\u0103rii \u015fi recuper\u0103rii deficien\u0163elor organice, func\u0163ionale sau fizice.<\/h3>\n\n\n\n<h3><strong>b) Presta\u0163ii si servicii pentru reabilitare si reconversie profesional\u0103<\/strong><\/h3>\n\n\n\n<h3>Presta\u0163iile si serviciile pentru reabilitare si reconversie profesional\u0103 se acorda de c\u0103tre asigurator la solicitarea asigura\u0163ilor care, de\u015fi nu si-au pierdut complet capacitatea de munca, nu mai pot desfasura activitatea pentru care s-au calificat, ca urmare a unui accident de munca sau a unei boli profesionale.Asiguratorul preia in sarcina sa cheltuielile pentru urm\u0103toarele presta\u0163ii si servicii de reabilitare si reconversie profesional\u0103:cheltuielile privind serviciile medicale si psihologice pentru aprecierea st\u0103rii fizice, mentale si aptitudinale in vederea reconversiei profesionale;costul cursurilor de calificare sau de reconversie;plata unei indemniza\u0163ii pe durata cursurilor de calificare si de reconversie.<\/h3>\n\n\n\n<h3><strong>c) Indemniza\u0163ia pentru incapacitate temporar\u0103 de munca<\/strong><\/h3>\n\n\n\n<h3>Asigura\u0163ii beneficiaz\u0103 de o indemniza\u0163ie pe perioada \u00een care se afl\u0103 \u00een incapacitate temporar\u0103 de munc\u0103 \u00een urma unui accident de munc\u0103 sau a unei boli profesionale.Indemniza\u0163ia pentru incapacitate temporar\u0103 de munca in cazul accidentului de munca sau al bolii profesionale se suporta in primele 3 zile de incapacitate de c\u0103tre angajator, iar din a 4-a zi de incapacitate, din contribu\u0163ia de asigurare pentru accidente de munca si boli profesionale.Indemniza\u0163ia pentru incapacitate temporar\u0103 de munca datorat\u0103 accidentelor de munca si bolilor profesionale se acorda pe baza certificatului medical eliberat conform dispozi\u0163iilor legale<\/h3>\n\n\n\n<h3><strong>d) Indemniza\u0163ia pentru trecerea temporar\u0103 in alt loc de munca si indemniza\u0163ia pentru reducerea timpului de munca<\/strong><\/h3>\n\n\n\n<h3>Asigura\u0163ii care, datorit\u0103 unei boli profesionale sau unui accident de munca, nu \u00ee\u015fi mai pot desfasura activitatea la locul de munca anterior manifest\u0103rii riscului asigurat pot trece temporar in alt loc de munca.Indemniza\u0163ia pentru reducerea timpului de lucru cu o p\u0103trime din durata normal\u0103, ca urmare a unor afec\u0163iuni cauzate de accidente de munca sau boli profesionale, se acorda asigura\u0163ilor care, in aceste condi\u0163ii, nu mai pot realiza durata normal\u0103 de munca.<\/h3>\n\n\n\n<h3><strong>e) Compensa\u0163ii pentru atingerea integrit\u0103\u0163ii<\/strong><\/h3>\n\n\n\n<h3>Au dreptul la o compensa\u0163ie pentru atingerea integrit\u0103\u0163ii asigura\u0163ii care, \u00een urma accidentelor de munc\u0103 sau a bolilor profesionale, r\u0103m\u00e2n cu leziuni permanente care produc deficien\u0163e \u015fi reduc capacitatea de munc\u0103 \u00eentre 20-50%.Compensa\u0163iile pentru atingerea integrit\u0103\u0163ii se acord\u0103 doar dac\u0103 accidentul de munc\u0103 a antrenat o incapacitate temporar\u0103 de munc\u0103 mai mare de 3 zile, conform defini\u0163iei accidentului de munc\u0103.Cuantumul compensa\u0163iei pentru atingerea integrit\u0103\u0163ii se stabile\u015fte \u00een func\u0163ie de gravitatea leziunii, \u00een limita unui plafon maxim de 12 salarii medii brute, comunicate de Institutul Na\u0163ional de Statistic\u0103.Compensa\u0163ia pentru atingerea integrit\u0103\u0163ii se acord\u0103 o singur\u0103 dat\u0103 \u00een baza deciziei medicului expert al asigur\u0103torului care efectueaz\u0103 o singur\u0103 expertiz\u0103 medical\u0103 pentru asigura\u0163ii care au fost \u00eenregistra\u0163i cu accident de munca sau boala profesionala, respectiv cu FIAM sau BP2, dup\u0103 caz.\u00cen vederea ob\u0163inerii compensa\u0163iei pentru atingerea integrit\u0103\u0163ii, persoana asigurat\u0103 depune \u00een termenul legal o cerere-tip privind solicitarea drepturilor de asigur\u0103ri pentru accidente de munc\u0103 \u015fi boli profesionale, conform anexei nr. 13 din ORDIN nr. 450 \/ 2006 pentru aprobarea Normelor metodologice de aplicare a Legii nr. 346\/2002 privind asigurarea pentru accidente de munca si boli profesionale, cu modificarile si completarile ulterioarela.<\/h3>\n\n\n\n<h3><strong>f) Desp\u0103gubiri in caz de deces<\/strong><\/h3>\n\n\n\n<h3>In cazul decesului asiguratului, ca urmare a unui accident de munca sau a unei boli profesionale, beneficiaz\u0103 de desp\u0103gubire in caz de deces o singura persoana, care poate fi, dup\u0103 caz: so\u0163ul supravie\u0163uitor, copilul, p\u0103rintele, tutorele, curatorul, mo\u015ftenitorul, in condi\u0163iile dreptului comun, sau, in lipsa acesteia, persoana\u00a0<strong>fizica\/juridica, care face dovada c\u0103 a suportat cheltuielile ocazionate de deces<\/strong>Cuantumul desp\u0103gubirii \u00een caz de deces este de 4 salarii medii brute, comunicate de Institutul Na\u0163ional de Statistic\u0103\u00a0<strong>pentru luna \u00een care a survenit decesul asiguratului sau, dup\u0103 caz, ultimul salariu mediu brut pe economie cunoscut la data solicit\u0103rii.<\/strong>Desp\u0103gubirea \u00een caz de deces se acord\u0103 pe baza urm\u0103toarelor acte: cerere-tip privind solicitarea drepturilor de asigurare pentru accidente de munc\u0103 \u015fi boli profesionale, prev\u0103zut\u0103 \u00een anexa nr. 13 la\u00a0<strong>Normelor metodologice de aplicare a Legii nr. 346\/2002<\/strong>, certificat de deces &#8211; original \u015fi copie, certificatul medical constatator al decesului \u00een caz de boal\u0103 profesional\u0103, actul de identitate al solicitantului, actul de stare civil\u0103 al solicitantului, care s\u0103 ateste calitatea acestuia, \u015fi documente justificative din care s\u0103 rezulte c\u0103 au fost suportate cheltuielile ocazionate de deces, dup\u0103 caz.Cererea pentru ob\u0163inerea desp\u0103gubirii in caz de deces se depune la sediul asiguratorului, \u00eenso\u0163it\u0103 de actele din care rezulta dreptul solicitantului, potrivit prezentei legi.<\/h3>\n\n\n\n<h3><strong>g) Ramburs\u0103ri de cheltuieli<\/strong><\/h3>\n\n\n\n<p>Asigur\u0103torul acord\u0103 ramburs\u0103ri de cheltuieli \u00een urm\u0103toarele situa\u0163ii:transportul de urgen\u0163\u0103, \u00een cazuri temeinic justificate, c\u00e2nd salvarea victimei impune utilizarea altor mijloace dec\u00e2t cele uzuale;confec\u0163ionarea ochelarilor, a aparatelor acustice, a protezelor oculare, \u00een situa\u0163ia \u00een care acestea au fost deteriorate \u00een urma unui accident de munc\u0103 soldat cu v\u0103t\u0103m\u0103ri corporale.\u00een cazul aplic\u0103rii dispozitivelor medicale implantabile prin interven\u0163ie chirurgical\u0103 \u00een vederea recuper\u0103rii deficien\u0163elor organice, func\u0163ionale sau fizice cauzate de accidente de munc\u0103 \u015fi boli profesionale.<\/p>\n","protected":false},"excerpt":{"rendered":"<p>PRESTATII SI SERVICII DE ASIGURARE PENTRU ACCIDENTE DE MUNCA SI BOLI PROFESIONALE Incepand cu data de 01.01.2005 , in conformitate cu prevederile Legii 346\/ 2002 privind asigurarea pentru accidente de munc\u0103 \u015fi boli profesionale , cu modificarile si completarile ulterioare functioneaza sistemul de asigurare pentru accidente de munca si boli profesionaleAre calitatea de asigurator, potrivit &hellip; <\/p>\n<p class=\"link-more\"><a href=\"http:\/\/www.cjpgalati.ro\/index.php\/activitate-ambp\/\" class=\"more-link\">Continue reading<span class=\"screen-reader-text\"> &#8220;Activitate AMBP&#8221;<\/span><\/a><\/p>\n","protected":false},"author":3,"featured_media":0,"parent":0,"menu_order":0,"comment_status":"closed","ping_status":"closed","template":"","meta":[],"_links":{"self":[{"href":"http:\/\/www.cjpgalati.ro\/index.php\/wp-json\/wp\/v2\/pages\/581"}],"collection":[{"href":"http:\/\/www.cjpgalati.ro\/index.php\/wp-json\/wp\/v2\/pages"}],"about":[{"href":"http:\/\/www.cjpgalati.ro\/index.php\/wp-json\/wp\/v2\/types\/page"}],"author":[{"embeddable":true,"href":"http:\/\/www.cjpgalati.ro\/index.php\/wp-json\/wp\/v2\/users\/3"}],"replies":[{"embeddable":true,"href":"http:\/\/www.cjpgalati.ro\/index.php\/wp-json\/wp\/v2\/comments?post=581"}],"version-history":[{"count":1,"href":"http:\/\/www.cjpgalati.ro\/index.php\/wp-json\/wp\/v2\/pages\/581\/revisions"}],"predecessor-version":[{"id":582,"href":"http:\/\/www.cjpgalati.ro\/index.php\/wp-json\/wp\/v2\/pages\/581\/revisions\/582"}],"wp:attachment":[{"href":"http:\/\/www.cjpgalati.ro\/index.php\/wp-json\/wp\/v2\/media?parent=581"}],"curies":[{"name":"wp","href":"https:\/\/api.w.org\/{rel}","templated":true}]}}