{"id":512,"date":"2020-10-30T13:48:17","date_gmt":"2020-10-30T11:48:17","guid":{"rendered":"http:\/\/www.cjpgalati.ro\/?page_id=512"},"modified":"2020-10-30T13:48:17","modified_gmt":"2020-10-30T11:48:17","slug":"rambursarea-cheltuielilor-ocazionate-de-confectionarea-protezelor-oculare","status":"publish","type":"page","link":"http:\/\/www.cjpgalati.ro\/index.php\/rambursarea-cheltuielilor-ocazionate-de-confectionarea-protezelor-oculare\/","title":{"rendered":"Rambursarea cheltuielilor ocazionate de confectionarea protezelor oculare"},"content":{"rendered":"\n<p><strong>Pentru rambursarea cheltuielilor ocazionate de confectionarea protezelor oculare, solicitantul:<\/strong><\/p>\n\n\n\n<ul><li><a href=\"http:\/\/www.cjpgalati.ro\/pdf\/anexa15.pdf\" target=\"_blank\" rel=\"noreferrer noopener\">Descarc\u0103 formularele necesare &#8211; AICI<\/a><\/li><li>Completeaz\u0103 formularele;<\/li><li>Semneaz\u0103 olograf formularele;<\/li><li>Transmite formularele c\u0103tre institu\u021bia noastr\u0103 la adresa de e-mail:\u00a0<a href=\"mailto:emilian.dumitru@cnpp.ro\">emilian.dumitru@cnpp.ro\u00a0<\/a>, in format: .JPEG, .JPG, .PNG, .XML, .CMS sau .PDF;<\/li><li>Transmite in acelasi e-mail si num\u0103rul de telefon la care poate fi contactat.<\/li><li>Pentru detalii suplimentare,va rugam sa ne contactati la numarul 0236\/460600.<\/li><\/ul>\n","protected":false},"excerpt":{"rendered":"<p>Pentru rambursarea cheltuielilor ocazionate de confectionarea protezelor oculare, solicitantul: Descarc\u0103 formularele necesare &#8211; AICI Completeaz\u0103 formularele; Semneaz\u0103 olograf formularele; Transmite formularele c\u0103tre institu\u021bia noastr\u0103 la adresa de e-mail:\u00a0emilian.dumitru@cnpp.ro\u00a0, in format: .JPEG, .JPG, .PNG, .XML, .CMS sau .PDF; Transmite in acelasi e-mail si num\u0103rul de telefon la care poate fi contactat. Pentru detalii suplimentare,va rugam sa &hellip; <\/p>\n<p class=\"link-more\"><a href=\"http:\/\/www.cjpgalati.ro\/index.php\/rambursarea-cheltuielilor-ocazionate-de-confectionarea-protezelor-oculare\/\" class=\"more-link\">Continue reading<span class=\"screen-reader-text\"> &#8220;Rambursarea cheltuielilor ocazionate de confectionarea protezelor oculare&#8221;<\/span><\/a><\/p>\n","protected":false},"author":3,"featured_media":0,"parent":0,"menu_order":0,"comment_status":"closed","ping_status":"closed","template":"","meta":[],"_links":{"self":[{"href":"http:\/\/www.cjpgalati.ro\/index.php\/wp-json\/wp\/v2\/pages\/512"}],"collection":[{"href":"http:\/\/www.cjpgalati.ro\/index.php\/wp-json\/wp\/v2\/pages"}],"about":[{"href":"http:\/\/www.cjpgalati.ro\/index.php\/wp-json\/wp\/v2\/types\/page"}],"author":[{"embeddable":true,"href":"http:\/\/www.cjpgalati.ro\/index.php\/wp-json\/wp\/v2\/users\/3"}],"replies":[{"embeddable":true,"href":"http:\/\/www.cjpgalati.ro\/index.php\/wp-json\/wp\/v2\/comments?post=512"}],"version-history":[{"count":1,"href":"http:\/\/www.cjpgalati.ro\/index.php\/wp-json\/wp\/v2\/pages\/512\/revisions"}],"predecessor-version":[{"id":513,"href":"http:\/\/www.cjpgalati.ro\/index.php\/wp-json\/wp\/v2\/pages\/512\/revisions\/513"}],"wp:attachment":[{"href":"http:\/\/www.cjpgalati.ro\/index.php\/wp-json\/wp\/v2\/media?parent=512"}],"curies":[{"name":"wp","href":"https:\/\/api.w.org\/{rel}","templated":true}]}}