{"id":497,"date":"2020-10-30T11:01:29","date_gmt":"2020-10-30T09:01:29","guid":{"rendered":"http:\/\/www.cjpgalati.ro\/?page_id=497"},"modified":"2020-10-30T11:01:29","modified_gmt":"2020-10-30T09:01:29","slug":"transmitere-buletin-calcul-al-pensiei-si-datele-care-au-stat-la-baza-stabilirii-pensiei","status":"publish","type":"page","link":"http:\/\/www.cjpgalati.ro\/index.php\/transmitere-buletin-calcul-al-pensiei-si-datele-care-au-stat-la-baza-stabilirii-pensiei\/","title":{"rendered":"Transmitere buletin calcul al pensiei si datele care au stat la baza stabilirii pensiei"},"content":{"rendered":"\n<p><strong>Pentru transmitere buletin calcul al pensiei si datele care au stat la baza stabilirii pensiei, solicitantul:<\/strong><\/p>\n\n\n\n<ul><li><a href=\"http:\/\/www.cjpgalati.ro\/pdf\/comunicare\/cerere_bul_calc.pdf\" target=\"_blank\" rel=\"noreferrer noopener\">Descarc\u0103 formularele necesare &#8211; AICI;<\/a><\/li><li>Completeaz\u0103 formularele;<\/li><li>Semneaz\u0103 olograf formularele;<\/li><li>Transmite formularele c\u0103tre institu\u021bia noastr\u0103 la adresa de e-mail:\u00a0<a href=\"mailto:pensiigalati@gmail.com\">pensiigalati@gmail.com\u00a0<\/a>, in format: .JPEG, .JPG, .PNG, .XML, .CMS sau .PDF;<\/li><li>Transmite in acelasi e-mail si num\u0103rul de telefon la care poate fi contactat.<\/li><\/ul>\n","protected":false},"excerpt":{"rendered":"<p>Pentru transmitere buletin calcul al pensiei si datele care au stat la baza stabilirii pensiei, solicitantul: Descarc\u0103 formularele necesare &#8211; AICI; Completeaz\u0103 formularele; Semneaz\u0103 olograf formularele; Transmite formularele c\u0103tre institu\u021bia noastr\u0103 la adresa de e-mail:\u00a0pensiigalati@gmail.com\u00a0, in format: .JPEG, .JPG, .PNG, .XML, .CMS sau .PDF; Transmite in acelasi e-mail si num\u0103rul de telefon la care poate &hellip; <\/p>\n<p class=\"link-more\"><a href=\"http:\/\/www.cjpgalati.ro\/index.php\/transmitere-buletin-calcul-al-pensiei-si-datele-care-au-stat-la-baza-stabilirii-pensiei\/\" class=\"more-link\">Continue reading<span class=\"screen-reader-text\"> &#8220;Transmitere buletin calcul al pensiei si datele care au stat la baza stabilirii pensiei&#8221;<\/span><\/a><\/p>\n","protected":false},"author":3,"featured_media":0,"parent":0,"menu_order":0,"comment_status":"closed","ping_status":"closed","template":"","meta":[],"_links":{"self":[{"href":"http:\/\/www.cjpgalati.ro\/index.php\/wp-json\/wp\/v2\/pages\/497"}],"collection":[{"href":"http:\/\/www.cjpgalati.ro\/index.php\/wp-json\/wp\/v2\/pages"}],"about":[{"href":"http:\/\/www.cjpgalati.ro\/index.php\/wp-json\/wp\/v2\/types\/page"}],"author":[{"embeddable":true,"href":"http:\/\/www.cjpgalati.ro\/index.php\/wp-json\/wp\/v2\/users\/3"}],"replies":[{"embeddable":true,"href":"http:\/\/www.cjpgalati.ro\/index.php\/wp-json\/wp\/v2\/comments?post=497"}],"version-history":[{"count":1,"href":"http:\/\/www.cjpgalati.ro\/index.php\/wp-json\/wp\/v2\/pages\/497\/revisions"}],"predecessor-version":[{"id":498,"href":"http:\/\/www.cjpgalati.ro\/index.php\/wp-json\/wp\/v2\/pages\/497\/revisions\/498"}],"wp:attachment":[{"href":"http:\/\/www.cjpgalati.ro\/index.php\/wp-json\/wp\/v2\/media?parent=497"}],"curies":[{"name":"wp","href":"https:\/\/api.w.org\/{rel}","templated":true}]}}