{"id":483,"date":"2020-10-30T10:32:41","date_gmt":"2020-10-30T08:32:41","guid":{"rendered":"http:\/\/www.cjpgalati.ro\/?page_id=483"},"modified":"2020-10-30T10:32:41","modified_gmt":"2020-10-30T08:32:41","slug":"ajutor-de-deces-pentru-asigurati-si-membride-familie","status":"publish","type":"page","link":"http:\/\/www.cjpgalati.ro\/index.php\/ajutor-de-deces-pentru-asigurati-si-membride-familie\/","title":{"rendered":"Ajutor de deces pentru asigurati si membride familie"},"content":{"rendered":"\n<p><strong>Pentru ajutor de deces asigurati si membri de familie, solicitantul:<\/strong><\/p>\n\n\n\n<ul><li><a href=\"http:\/\/www.cjpgalati.ro\/pdf\/contr\/cerere_aj_dec_asig.pdf\" target=\"_blank\" rel=\"noreferrer noopener\">Descarc\u0103 formularele necesare &#8211; AICI -pentru ajutor de deces asigurat;<\/a><\/li><li><a href=\"http:\/\/www.cjpgalati.ro\/pdf\/contr\/cerere_aj_dec_mf.pdf\" target=\"_blank\" rel=\"noreferrer noopener\">Descarc\u0103 formularele necesare &#8211; AICI -pentru ajutor de deces membru de familie;<\/a><\/li><li>Completeaz\u0103 formularele;<\/li><li>Semneaz\u0103 olograf formularele;<\/li><li>Transmite formularele c\u0103tre institu\u021bia noastr\u0103 la adresa de e-mail:\u00a0<a href=\"mailto:stagii.public@gmail.com\">stagii.public@gmail.com\u00a0<\/a>, in format: .JPEG, .JPG, .PNG, .XML, .CMS sau .PDF;<\/li><li>Transmite in acelasi e-mail si num\u0103rul de telefon la care poate fi contactat.<\/li><\/ul>\n","protected":false},"excerpt":{"rendered":"<p>Pentru ajutor de deces asigurati si membri de familie, solicitantul: Descarc\u0103 formularele necesare &#8211; AICI -pentru ajutor de deces asigurat; Descarc\u0103 formularele necesare &#8211; AICI -pentru ajutor de deces membru de familie; Completeaz\u0103 formularele; Semneaz\u0103 olograf formularele; Transmite formularele c\u0103tre institu\u021bia noastr\u0103 la adresa de e-mail:\u00a0stagii.public@gmail.com\u00a0, in format: .JPEG, .JPG, .PNG, .XML, .CMS sau .PDF; &hellip; <\/p>\n<p class=\"link-more\"><a href=\"http:\/\/www.cjpgalati.ro\/index.php\/ajutor-de-deces-pentru-asigurati-si-membride-familie\/\" class=\"more-link\">Continue reading<span class=\"screen-reader-text\"> &#8220;Ajutor de deces pentru asigurati si membride familie&#8221;<\/span><\/a><\/p>\n","protected":false},"author":3,"featured_media":0,"parent":0,"menu_order":0,"comment_status":"closed","ping_status":"closed","template":"","meta":[],"_links":{"self":[{"href":"http:\/\/www.cjpgalati.ro\/index.php\/wp-json\/wp\/v2\/pages\/483"}],"collection":[{"href":"http:\/\/www.cjpgalati.ro\/index.php\/wp-json\/wp\/v2\/pages"}],"about":[{"href":"http:\/\/www.cjpgalati.ro\/index.php\/wp-json\/wp\/v2\/types\/page"}],"author":[{"embeddable":true,"href":"http:\/\/www.cjpgalati.ro\/index.php\/wp-json\/wp\/v2\/users\/3"}],"replies":[{"embeddable":true,"href":"http:\/\/www.cjpgalati.ro\/index.php\/wp-json\/wp\/v2\/comments?post=483"}],"version-history":[{"count":1,"href":"http:\/\/www.cjpgalati.ro\/index.php\/wp-json\/wp\/v2\/pages\/483\/revisions"}],"predecessor-version":[{"id":484,"href":"http:\/\/www.cjpgalati.ro\/index.php\/wp-json\/wp\/v2\/pages\/483\/revisions\/484"}],"wp:attachment":[{"href":"http:\/\/www.cjpgalati.ro\/index.php\/wp-json\/wp\/v2\/media?parent=483"}],"curies":[{"name":"wp","href":"https:\/\/api.w.org\/{rel}","templated":true}]}}