{"id":472,"date":"2020-10-30T10:24:27","date_gmt":"2020-10-30T08:24:27","guid":{"rendered":"http:\/\/www.cjpgalati.ro\/?page_id=472"},"modified":"2021-02-12T12:41:10","modified_gmt":"2021-02-12T10:41:10","slug":"recalculare-pensie","status":"publish","type":"page","link":"http:\/\/www.cjpgalati.ro\/index.php\/recalculare-pensie\/","title":{"rendered":"Recalculare pensie"},"content":{"rendered":"\n<p>Atentie! Cererile de recalculare cu aplicarea prevederilor Legii 188\/2020 nu se pot depune online. Adeverintele privind incadrarea in conditii speciale se depun in original. Cererile se pot transmite si prin posta\/curier.<\/p>\n\n\n\n<p><\/p>\n\n\n\n<p><strong>Pentru recalcularea pensiei, solicitantul:<\/strong><\/p>\n\n\n\n<ul><li><a rel=\"noreferrer noopener\" href=\"http:\/\/www.cjpgalati.ro\/pdf\/pensii\/cerere_rec_pen.pdf\" target=\"_blank\">Descarc\u0103 formularele necesare &#8211; AICI;<\/a><\/li><li>Completeaz\u0103 formularele;<\/li><li>Semneaz\u0103 olograf formularele;<\/li><li>Transmite formularele c\u0103tre institu\u021bia noastr\u0103 la adresa de e-mail:\u00a0<a href=\"mailto:stabiliri.cjpgalati@gmail.com\">stabiliricjpgalati@gmail.com\u00a0<\/a>, in format: .JPEG, .JPG, .PNG, .XML, .CMS sau .PDF;<\/li><li>Transmite in acelasi e-mail si num\u0103rul de telefon la care poate fi contactat.<\/li><\/ul>\n\n\n\n<p><\/p>\n","protected":false},"excerpt":{"rendered":"<p>Atentie! Cererile de recalculare cu aplicarea prevederilor Legii 188\/2020 nu se pot depune online. Adeverintele privind incadrarea in conditii speciale se depun in original. Cererile se pot transmite si prin posta\/curier. Pentru recalcularea pensiei, solicitantul: Descarc\u0103 formularele necesare &#8211; AICI; Completeaz\u0103 formularele; Semneaz\u0103 olograf formularele; Transmite formularele c\u0103tre institu\u021bia noastr\u0103 la adresa de e-mail:\u00a0stabiliricjpgalati@gmail.com\u00a0, in &hellip; <\/p>\n<p class=\"link-more\"><a href=\"http:\/\/www.cjpgalati.ro\/index.php\/recalculare-pensie\/\" class=\"more-link\">Continue reading<span class=\"screen-reader-text\"> &#8220;Recalculare pensie&#8221;<\/span><\/a><\/p>\n","protected":false},"author":3,"featured_media":0,"parent":0,"menu_order":0,"comment_status":"closed","ping_status":"closed","template":"","meta":[],"_links":{"self":[{"href":"http:\/\/www.cjpgalati.ro\/index.php\/wp-json\/wp\/v2\/pages\/472"}],"collection":[{"href":"http:\/\/www.cjpgalati.ro\/index.php\/wp-json\/wp\/v2\/pages"}],"about":[{"href":"http:\/\/www.cjpgalati.ro\/index.php\/wp-json\/wp\/v2\/types\/page"}],"author":[{"embeddable":true,"href":"http:\/\/www.cjpgalati.ro\/index.php\/wp-json\/wp\/v2\/users\/3"}],"replies":[{"embeddable":true,"href":"http:\/\/www.cjpgalati.ro\/index.php\/wp-json\/wp\/v2\/comments?post=472"}],"version-history":[{"count":3,"href":"http:\/\/www.cjpgalati.ro\/index.php\/wp-json\/wp\/v2\/pages\/472\/revisions"}],"predecessor-version":[{"id":816,"href":"http:\/\/www.cjpgalati.ro\/index.php\/wp-json\/wp\/v2\/pages\/472\/revisions\/816"}],"wp:attachment":[{"href":"http:\/\/www.cjpgalati.ro\/index.php\/wp-json\/wp\/v2\/media?parent=472"}],"curies":[{"name":"wp","href":"https:\/\/api.w.org\/{rel}","templated":true}]}}