{"id":466,"date":"2020-10-28T15:51:51","date_gmt":"2020-10-28T13:51:51","guid":{"rendered":"http:\/\/www.cjpgalati.ro\/?page_id=466"},"modified":"2020-10-28T15:57:54","modified_gmt":"2020-10-28T13:57:54","slug":"activitatea-de-prevenire-a-accidentelor-de-munca-si-a-bolilor-profesionale","status":"publish","type":"page","link":"http:\/\/www.cjpgalati.ro\/index.php\/activitatea-de-prevenire-a-accidentelor-de-munca-si-a-bolilor-profesionale\/","title":{"rendered":"Activitatea de prevenire a accidentelor de munca si a bolilor profesionale"},"content":{"rendered":"\n<p>In conformitate cu prevederile Legii nr. 346\/2002 privind asigurarea pentru accidente de munc\u0103 \u015fi boli profesionale, cu modific\u0103rile \u015fi complet\u0103rile ulterioare \u015fi ale Ordinului nr. 450\/2006 pentru aprobarea Normelor metodologice de aplicare a Legii nr. 346\/2002, Casa Jude\u0163ean\u0103 de Pensii Galati, \u00een calitate de asigur\u0103tor , este abilitat\u0103 de a acorda consultan\u0163\u0103 privind prevenirea accidentelor de munc\u0103 \u015fi a bolilor profesionale, \u00een scopul \u00eembun\u0103t\u0103\u0163irii nivelului de securitate \u015fi s\u0103n\u0103tate \u015fi a condi\u0163iilor de munc\u0103. In acest sens, \u00een conformitate cu art. 64 din Legea nr. 346\/2002, personalul tehnic al asigur\u0103torului care desf\u0103\u015foar\u0103 activit\u0103\u0163i de prevenire din cadrul casei teritoriale de pensii , acord\u0103 sprijin societ\u0103\u0163iilor comerciale, \u00een scopul \u00eentocmirii tablourilor de analiz\u0103 \u00een domeniul prevenirii conform specificului activit\u0103\u0163ilor desfasurate .In conformitate cu legisla\u0163ia \u00een vigoare, art. 63 din Legea nr. 346\/2002, activitatea de consiliere din partea asigur\u0103torului nu implic\u0103 costuri pentru societate \u015fi nu implic\u0103 r\u0103spunderea juridic\u0103 \u015fi financiar\u0103 a Casei Judeteane de Pensii Galati.Rezultatele analizei \u00een domeniul prevenirii au un caracter confiden\u0163ial \u015fi pot fi utilizate \u00een func\u0163ie de priorit\u0103\u0163ile societ\u0103\u0163ii \u00een scopul \u00eembun\u0103t\u0103\u0163irii condi\u0163iilor de munc\u0103.Compartimentul accidente de munca si boli profesionale, din cadrul CJP Galati, desf\u0103\u015foar\u0103 activitatea de prevenire. \u00een func\u0163ie de priorit\u0103\u0163ile specifice structurii economice \u015fi administrative a jude\u0163ului Galati.Activitatea de consiliere in domeniul prevenirii accidentelor de munca si bolilor profesionale se desf\u0103\u015foar\u0103 la sediul\/ punctele de lucru ale angajatorilor,parcurgand urm\u0103toarele etape:<\/p>\n\n\n\n<ul><li><strong>1. Programarea si preg\u0103tirea vizitelor la angajatori, cuprinde:<\/strong><\/li><\/ul>\n\n\n\n<p><\/p>\n\n\n\n<ul><li>1.1. Contactarea angajatorilor prin adresa scrisa, prin care se solicit\u0103 acordul \u00een scris al acestora \u015fi programarea vizitelor, \u00een scopul derul\u0103rii activit\u0103\u0163ilor de consiliere \u00een vederea prevenirii;<\/li><li>1.2. Efectuarea vizitei pentru informarea angajatorilor asupra func\u0163ionarii sistemului de asigurare pentru accidednte de munca \u015fi boli profesionale, precum si stabilirea de comun acord cu angajatorul a unui program de vizite ,in scopul consilierii in domeniul prevenirii accidentelor de munca si bolilor profesionale<\/li><li>1.3. Derularea activit\u0103\u0163ii de prevenire la angajatori :<ul><li>prezentarea de c\u0103tre angajator (reprezentant desemnat) a activit\u0103\u0163ii de produc\u0163ie ,a fluxului tehnologic al activit\u0103\u0163ii principale si al activit\u0103\u0163ilor complementare .<\/li><li>parcurgerea fluxului tehnologic si identificarea posturilor de lucru care au inrergistrat accidente de munca si boli profesionale sau care prezint\u0103 risc ridicat de producere a accidentelor de munca si a bolilor profesionale.<\/li><li>analiza posturilor de lucru respective si identificarea riscurilor care au produs sau pot produce accidente de munca si boli profesionale<\/li><\/ul><\/li><\/ul>\n\n\n\n<ul><li><strong>2. Intocmirea raportului c\u0103tre angajator, cuprinde:<\/strong><\/li><\/ul>\n\n\n\n<p><\/p>\n\n\n\n<ul><li>2.1. Analiza din punct de vedere. tehnic si organizational al fluxului de produc\u0163ie tinand cont de modul de aplicare al legisla\u0163iei privind SSM.<\/li><li>2.2. Analiza riscurilor identificate la fiecare post de lucru, pe cele 4 componente ale sistemului de munca. (executant, mijloace de productie , sarcina de munca, mediul de munca).<\/li><li>2.3. \u00centocmirea tablourilor de prevenire pentru fiecare post de lucru analizat.<\/li><\/ul>\n\n\n\n<ul><li><strong>3. Prezentarea raportului c\u0103tre angajator, cuprinde:<\/strong><\/li><\/ul>\n\n\n\n<p><\/p>\n\n\n\n<ul><li>3.1. Evaluarea eficacit\u0103\u0163ii m\u0103surilor de prevenire \u015fi de securitate existente<\/li><li>3.2. Prezentarea m\u0103surilor de prevenire recomandate<\/li><li>3.3. Consilierea angajatorului privind importan\u0163a implement\u0103rii m\u0103surilor de prevenire;<\/li><li>3.4. Predarea unui exemplar al Tabloului de prevenire pe post de lucru dup\u0103 \u00eenregistrarea acestuia la angajator<\/li><li>3.5. Urm\u0103rirea implement\u0103rii masurilor recomandate la vizitele anterioare<\/li><\/ul>\n","protected":false},"excerpt":{"rendered":"<p>In conformitate cu prevederile Legii nr. 346\/2002 privind asigurarea pentru accidente de munc\u0103 \u015fi boli profesionale, cu modific\u0103rile \u015fi complet\u0103rile ulterioare \u015fi ale Ordinului nr. 450\/2006 pentru aprobarea Normelor metodologice de aplicare a Legii nr. 346\/2002, Casa Jude\u0163ean\u0103 de Pensii Galati, \u00een calitate de asigur\u0103tor , este abilitat\u0103 de a acorda consultan\u0163\u0103 privind prevenirea accidentelor &hellip; <\/p>\n<p class=\"link-more\"><a href=\"http:\/\/www.cjpgalati.ro\/index.php\/activitatea-de-prevenire-a-accidentelor-de-munca-si-a-bolilor-profesionale\/\" class=\"more-link\">Continue reading<span class=\"screen-reader-text\"> &#8220;Activitatea de prevenire a accidentelor de munca si a bolilor profesionale&#8221;<\/span><\/a><\/p>\n","protected":false},"author":3,"featured_media":0,"parent":0,"menu_order":0,"comment_status":"closed","ping_status":"closed","template":"","meta":[],"_links":{"self":[{"href":"http:\/\/www.cjpgalati.ro\/index.php\/wp-json\/wp\/v2\/pages\/466"}],"collection":[{"href":"http:\/\/www.cjpgalati.ro\/index.php\/wp-json\/wp\/v2\/pages"}],"about":[{"href":"http:\/\/www.cjpgalati.ro\/index.php\/wp-json\/wp\/v2\/types\/page"}],"author":[{"embeddable":true,"href":"http:\/\/www.cjpgalati.ro\/index.php\/wp-json\/wp\/v2\/users\/3"}],"replies":[{"embeddable":true,"href":"http:\/\/www.cjpgalati.ro\/index.php\/wp-json\/wp\/v2\/comments?post=466"}],"version-history":[{"count":3,"href":"http:\/\/www.cjpgalati.ro\/index.php\/wp-json\/wp\/v2\/pages\/466\/revisions"}],"predecessor-version":[{"id":471,"href":"http:\/\/www.cjpgalati.ro\/index.php\/wp-json\/wp\/v2\/pages\/466\/revisions\/471"}],"wp:attachment":[{"href":"http:\/\/www.cjpgalati.ro\/index.php\/wp-json\/wp\/v2\/media?parent=466"}],"curies":[{"name":"wp","href":"https:\/\/api.w.org\/{rel}","templated":true}]}}