{"id":448,"date":"2020-10-28T12:18:12","date_gmt":"2020-10-28T12:18:12","guid":{"rendered":"http:\/\/www.cjpgalati.ro\/?page_id=448"},"modified":"2020-10-28T15:53:21","modified_gmt":"2020-10-28T13:53:21","slug":"raporturi-de-asigurare-ambp","status":"publish","type":"page","link":"http:\/\/www.cjpgalati.ro\/index.php\/raporturi-de-asigurare-ambp\/","title":{"rendered":"Raporturi de asigurare AMBP"},"content":{"rendered":"\n<ul><li><a rel=\"noreferrer noopener\" href=\"http:\/\/www.cjpgalati.ro\/pdf\/ambp\/ra\/ctrasg.pdf\" target=\"_blank\">Contract individual de asigurare<\/a><\/li><li><a rel=\"noreferrer noopener\" href=\"http:\/\/www.cjpgalati.ro\/pdf\/ambp\/ra\/declpprsp.pdf\" target=\"_blank\">Declaratie pe propria r\u0103spundere privind asigurarea pentru accidente de munc\u0103 \u015fi boli profesionale<\/a><\/li><li><a href=\"http:\/\/www.cjpgalati.ro\/index.php\/activitatea-de-prevenire-a-accidentelor-de-munca-si-a-bolilor-profesionale\/\" data-type=\"page\" data-id=\"466\" target=\"_blank\" rel=\"noreferrer noopener\">Activitatea de prevenire a accidentelor de munca si a bolilor profesionale<\/a><\/li><li><a rel=\"noreferrer noopener\" href=\"http:\/\/www.cjpgalati.ro\/pdf\/ambp\/ra\/cm.html\" target=\"_blank\">Certificate de concediu medical acordate victimelor accidentelor de munca si bolilor profesionale<\/a><\/li><li><a rel=\"noreferrer noopener\" href=\"http:\/\/www.cjpgalati.ro\/pdf\/ambp\/ra\/comunicasg.html\" target=\"_blank\">Comunicarea evenimentelor la asigurator<\/a><\/li><\/ul>\n\n\n\n<p><\/p>\n","protected":false},"excerpt":{"rendered":"<p>Contract individual de asigurare Declaratie pe propria r\u0103spundere privind asigurarea pentru accidente de munc\u0103 \u015fi boli profesionale Activitatea de prevenire a accidentelor de munca si a bolilor profesionale Certificate de concediu medical acordate victimelor accidentelor de munca si bolilor profesionale Comunicarea evenimentelor la asigurator<\/p>\n","protected":false},"author":3,"featured_media":0,"parent":0,"menu_order":0,"comment_status":"closed","ping_status":"closed","template":"","meta":[],"_links":{"self":[{"href":"http:\/\/www.cjpgalati.ro\/index.php\/wp-json\/wp\/v2\/pages\/448"}],"collection":[{"href":"http:\/\/www.cjpgalati.ro\/index.php\/wp-json\/wp\/v2\/pages"}],"about":[{"href":"http:\/\/www.cjpgalati.ro\/index.php\/wp-json\/wp\/v2\/types\/page"}],"author":[{"embeddable":true,"href":"http:\/\/www.cjpgalati.ro\/index.php\/wp-json\/wp\/v2\/users\/3"}],"replies":[{"embeddable":true,"href":"http:\/\/www.cjpgalati.ro\/index.php\/wp-json\/wp\/v2\/comments?post=448"}],"version-history":[{"count":4,"href":"http:\/\/www.cjpgalati.ro\/index.php\/wp-json\/wp\/v2\/pages\/448\/revisions"}],"predecessor-version":[{"id":469,"href":"http:\/\/www.cjpgalati.ro\/index.php\/wp-json\/wp\/v2\/pages\/448\/revisions\/469"}],"wp:attachment":[{"href":"http:\/\/www.cjpgalati.ro\/index.php\/wp-json\/wp\/v2\/media?parent=448"}],"curies":[{"name":"wp","href":"https:\/\/api.w.org\/{rel}","templated":true}]}}