{"id":445,"date":"2020-10-28T12:17:22","date_gmt":"2020-10-28T12:17:22","guid":{"rendered":"http:\/\/www.cjpgalati.ro\/?page_id=445"},"modified":"2020-10-28T12:17:22","modified_gmt":"2020-10-28T12:17:22","slug":"prestatii-si-servicii-de-asigurare-ambp","status":"publish","type":"page","link":"http:\/\/www.cjpgalati.ro\/index.php\/prestatii-si-servicii-de-asigurare-ambp\/","title":{"rendered":"Prestatii si servicii de asigurare AMBP"},"content":{"rendered":"\n<ul><li><a href=\"http:\/\/www.cjpgalati.ro\/pdf\/ambp\/prest\/recal.pdf\" target=\"_blank\" rel=\"noreferrer noopener\">CERERE de participare la curs de recalificare sau reconversie profesional\u0103<\/a><\/li><li><a href=\"http:\/\/www.cjpgalati.ro\/pdf\/ambp\/prest\/ramburs.pdf\" target=\"_blank\" rel=\"noreferrer noopener\">CERERE de rambursare a cheltuielilor<\/a><\/li><li><a href=\"http:\/\/www.cjpgalati.ro\/pdf\/ambp\/prest\/dispmed.pdf\" target=\"_blank\" rel=\"noreferrer noopener\">CERERE pentru acordarea de dispozitive medicale<\/a><\/li><li><a href=\"http:\/\/www.cjpgalati.ro\/pdf\/ambp\/prest\/soldreptasg.pdf\" target=\"_blank\" rel=\"noreferrer noopener\">Cerere-tip privind solicitarea drepturilor de asigur\u0103ri pentru accidente de munc\u0103 \u015fi boli profesionale<\/a><\/li><\/ul>\n","protected":false},"excerpt":{"rendered":"<p>CERERE de participare la curs de recalificare sau reconversie profesional\u0103 CERERE de rambursare a cheltuielilor CERERE pentru acordarea de dispozitive medicale Cerere-tip privind solicitarea drepturilor de asigur\u0103ri pentru accidente de munc\u0103 \u015fi boli profesionale<\/p>\n","protected":false},"author":3,"featured_media":0,"parent":0,"menu_order":0,"comment_status":"closed","ping_status":"closed","template":"","meta":[],"_links":{"self":[{"href":"http:\/\/www.cjpgalati.ro\/index.php\/wp-json\/wp\/v2\/pages\/445"}],"collection":[{"href":"http:\/\/www.cjpgalati.ro\/index.php\/wp-json\/wp\/v2\/pages"}],"about":[{"href":"http:\/\/www.cjpgalati.ro\/index.php\/wp-json\/wp\/v2\/types\/page"}],"author":[{"embeddable":true,"href":"http:\/\/www.cjpgalati.ro\/index.php\/wp-json\/wp\/v2\/users\/3"}],"replies":[{"embeddable":true,"href":"http:\/\/www.cjpgalati.ro\/index.php\/wp-json\/wp\/v2\/comments?post=445"}],"version-history":[{"count":2,"href":"http:\/\/www.cjpgalati.ro\/index.php\/wp-json\/wp\/v2\/pages\/445\/revisions"}],"predecessor-version":[{"id":463,"href":"http:\/\/www.cjpgalati.ro\/index.php\/wp-json\/wp\/v2\/pages\/445\/revisions\/463"}],"wp:attachment":[{"href":"http:\/\/www.cjpgalati.ro\/index.php\/wp-json\/wp\/v2\/media?parent=445"}],"curies":[{"name":"wp","href":"https:\/\/api.w.org\/{rel}","templated":true}]}}