{"id":1891,"date":"2025-11-13T14:42:48","date_gmt":"2025-11-13T12:42:48","guid":{"rendered":"http:\/\/www.cjpgalati.ro\/?page_id=1891"},"modified":"2025-11-13T14:42:48","modified_gmt":"2025-11-13T12:42:48","slug":"anunt-cu-privire-la-cardurile-sociale-2025","status":"publish","type":"page","link":"http:\/\/www.cjpgalati.ro\/index.php\/anunt-cu-privire-la-cardurile-sociale-2025\/","title":{"rendered":"Anunt cu privire la cardurile sociale 2025"},"content":{"rendered":"\n<p><strong>Carduri Sociale 2025: Vouchere pentru Alimente \u201eSprijin pentru Rom\u00e2nia\u201d<\/strong><\/p>\n\n\n\n<p><strong>CF. Hot\u0103r\u00e2rii nr. 70\/2024 pentru aprobarea mecanismului de implementare a m\u0103surilor de acordare a unui sprijin material pentru anumite categorii de persoane defavorizate, \u00een perioada 2024-2027, regulile de acordare, modalitatea \u015fi frecven\u0163a m\u0103surilor de sprijin, precum \u015fi institu\u0163iile responsabile<\/strong><\/p>\n\n\n\n<p><strong>Modific\u0103t<\/strong><strong>\u0103<\/strong><strong>&nbsp;<\/strong><strong>prin HG 743\/2025.<\/strong><\/p>\n\n\n\n<p><strong>(6)&nbsp;<\/strong>\u00cen perioada 2025-2027, sprijinul material prev\u0103zut la alin. (1) lit. b) este \u00een cuantum de maximum 125 lei \u015fi se acord\u0103 o dat\u0103 la 6 luni urm\u0103toarelor categorii de persoane defavorizate:<\/p>\n\n\n\n<p><strong>a)&nbsp;<\/strong>pensionarii sistemului public de pensii, pensionarii afla\u0163i \u00een eviden\u0163a caselor de pensii sectoriale \u015fi beneficiarii de drepturi acordate \u00een baza legilor cu caracter special, pl\u0103tite de casele teritoriale de pensii\/casele de pensii sectoriale,&nbsp;<strong>cu v\u00e2rsta de minimum 65 de ani<\/strong>, \u00eemplinit\u0103 la data prelucr\u0103rii bazelor de date, care beneficiaz\u0103 de indemniza\u0163ie sociala (<strong>1281 lei<\/strong>)<\/p>\n","protected":false},"excerpt":{"rendered":"<p>Carduri Sociale 2025: Vouchere pentru Alimente \u201eSprijin pentru Rom\u00e2nia\u201d CF. Hot\u0103r\u00e2rii nr. 70\/2024 pentru aprobarea mecanismului de implementare a m\u0103surilor de acordare a unui sprijin material pentru anumite categorii de persoane defavorizate, \u00een perioada 2024-2027, regulile de acordare, modalitatea \u015fi frecven\u0163a m\u0103surilor de sprijin, precum \u015fi institu\u0163iile responsabile Modific\u0103t\u0103&nbsp;prin HG 743\/2025. (6)&nbsp;\u00cen perioada 2025-2027, sprijinul &hellip; <\/p>\n<p class=\"link-more\"><a href=\"http:\/\/www.cjpgalati.ro\/index.php\/anunt-cu-privire-la-cardurile-sociale-2025\/\" class=\"more-link\">Continue reading<span class=\"screen-reader-text\"> &#8220;Anunt cu privire la cardurile sociale 2025&#8221;<\/span><\/a><\/p>\n","protected":false},"author":3,"featured_media":0,"parent":0,"menu_order":0,"comment_status":"closed","ping_status":"closed","template":"","meta":[],"_links":{"self":[{"href":"http:\/\/www.cjpgalati.ro\/index.php\/wp-json\/wp\/v2\/pages\/1891"}],"collection":[{"href":"http:\/\/www.cjpgalati.ro\/index.php\/wp-json\/wp\/v2\/pages"}],"about":[{"href":"http:\/\/www.cjpgalati.ro\/index.php\/wp-json\/wp\/v2\/types\/page"}],"author":[{"embeddable":true,"href":"http:\/\/www.cjpgalati.ro\/index.php\/wp-json\/wp\/v2\/users\/3"}],"replies":[{"embeddable":true,"href":"http:\/\/www.cjpgalati.ro\/index.php\/wp-json\/wp\/v2\/comments?post=1891"}],"version-history":[{"count":1,"href":"http:\/\/www.cjpgalati.ro\/index.php\/wp-json\/wp\/v2\/pages\/1891\/revisions"}],"predecessor-version":[{"id":1892,"href":"http:\/\/www.cjpgalati.ro\/index.php\/wp-json\/wp\/v2\/pages\/1891\/revisions\/1892"}],"wp:attachment":[{"href":"http:\/\/www.cjpgalati.ro\/index.php\/wp-json\/wp\/v2\/media?parent=1891"}],"curies":[{"name":"wp","href":"https:\/\/api.w.org\/{rel}","templated":true}]}}