{"id":1839,"date":"2025-08-04T13:29:08","date_gmt":"2025-08-04T11:29:08","guid":{"rendered":"http:\/\/www.cjpgalati.ro\/?page_id=1839"},"modified":"2025-08-04T13:46:22","modified_gmt":"2025-08-04T11:46:22","slug":"rezidenti-ro","status":"publish","type":"page","link":"http:\/\/www.cjpgalati.ro\/index.php\/rezidenti-ro\/","title":{"rendered":"Rezidenti RO"},"content":{"rendered":"\n<ul>\n<li>Preciz\u0103m c\u0103, potrivit Legii nr. 141\/2025:<\/li>\n\n\n\n<li>persoanele bolnave oncologic care <strong><u>nu au calitatea<\/u><\/strong> de pensionar &nbsp;sau beneficiar de legi cu caracter special sunt scutite de plata CASS \u0219i au acces gratuit la toate pachetele medicale.<\/li>\n\n\n\n<li>persoanele bolnave oncologic care <strong><span style=\"text-decoration: underline;\">au calitatea<\/span><\/strong> de pensionar, pentru venitul ob\u021binut se re\u021bine CASS pentru suma care dep\u0103\u0219e\u0219te plafonul de 3000 lei.<\/li>\n\n\n\n<li>persoanele bolnave oncologic care <strong><span style=\"text-decoration: underline;\">au calitatea<\/span><\/strong> de beneficiar de legi cu caracter special, pentru venitul ob\u021binut se re\u021bine CASS pentru \u00eentreaga sum\u0103, cu excep\u021biile men\u021bionate \u00een tabelul anexat.<\/li>\n<\/ul>\n\n\n\n<figure class=\"wp-block-table is-style-regular\"><table class=\"has-background has-fixed-layout\" style=\"background-color:#7bdbb500\"><tbody><tr><td><strong>BENEFICIARI<\/strong><\/td><td><strong>SUME PENTRU CARE SE DATOREAZ\u0102 CASS<\/strong><\/td><td><strong>SUME EXCEPTATE DE LA PLATA CASS<\/strong><\/td><\/tr><tr><td><strong>Pensionari beneficiari a unei categorii de pensii din sistemul public de pensii sau beneficiari de pensii de serviciu<\/strong><\/td><td>-pensii mai mari de 3000 lei<br>-pensia de urma\u0219 pentru copil cu v\u00e2rsta cuprins\u0103 \u00eentre 18 ani \u0219i 26 de ani, care nu face dovada continu\u0103rii studiilor dar care are decizie de \u00eencadrare \u00een grad de invaliditate<br>-pensia de urma\u0219 pentru copil cu v\u00e2rsta peste 26 de ani care are decizie de \u00eencadrare \u00een grad de invaliditate &nbsp;<\/td><td>-pensii mai mici de 3000 lei<br>-pensia de urma\u0219 pentru copil cu v\u00e2rsta sub 18 ani, <br>-pensia de urma\u0219 pentru copil cu v\u00e2rsta cuprins\u0103 \u00eentre 18 ani \u0219i 26 de ani, care face dovada continu\u0103rii studiilor<br>-indemniza\u021bia pentru \u00eenso\u021bitor acordat\u0103 pensionarilor de invaliditate gradul I &nbsp;<\/td><\/tr><tr><td><strong>Pensionari nereziden\u021bi<\/strong><\/td><td>-pensii mai mari de 3000 lei \u00een cazul beneficiarilor stabili\u021bi pe teritoriul Turciei<br>-pensii mai mari de 3000 lei acordate beneficiarilor stabili\u021bi pe teritoriul statelor ter\u021be, cu care nu se aplic\u0103 niciun instrument juridic cu caracter interna\u021bional de coordonare a sistemelor de securitate social\u0103 cu prevederi pentru asigurarea de boal\u0103 \u2013 maternitate &#8211;<em> <strong>se vor aplica integral dispozi\u021biile legisla\u021biei na\u021bionale, ei neput\u00e2nd fi excepta\u021bi de la plata contribu\u021biilor la Fond, dec\u00e2t \u00een condi\u021biile legisla\u021biei na\u021bionale aplicabile (pentru pensii mai mici de 3000 lei) &nbsp;<\/strong><\/em> &nbsp;<\/td><td>-pensii mai mici de 3000 lei \u00een cazul beneficiarilor stabili\u021bi pe teritoriul Turciei<br>-pensii mai mari de 3000 lei acordate beneficiarilor stabili\u021bi pe teritoriul statelor cu care Rom\u00e2nia aplic\u0103 dispozi\u021bii ale unor instrumente juridice cu caracter interna\u021bional \u2013 regulamente europene de coordonare a sistemelor de securitate social\u0103 \u0219i acorduri bilaterale de securitate social\u0103 la care Rom\u00e2nia este parte, cu prevederi pentru asigurarea de boal\u0103 \u2013 maternitate<em> &#8211;\u00a0 <strong>pot fi scutite de la plata contribu\u021biei la Fondul na\u021bional unic de asigur\u0103ri sociale de s\u0103n\u0103tate din Rom\u00e2nia <u>\u00een condi\u021biile \u00een care ace\u0219tia fac dovada asigur\u0103rii la sistemul de s\u0103n\u0103tate din statul de \u0219edere permanent\u0103 \u0219i dac\u0103 solicit\u0103 \u00een mod expres exceptarea de la plata contribu\u021biei pentru asigur\u0103rile sociale de s\u0103n\u0103tate \u00een Rom\u00e2nia,<\/u><\/strong><\/em><br>-decizia privind exceptarea de la plata contribu\u021biilor la Fond revine caselor de asigur\u0103ri sociale de s\u0103n\u0103tate,<br>-casele teritoriale de pensii au obliga\u021bia calcul\u0103rii, re\u021binerii \u0219i vir\u0103rii contribu\u021biilor la Fond \u00een cazul tuturor beneficiarilor sistemului public de pensii din Rom\u00e2nia, care dep\u0103\u0219esc plafonul prev\u0103zut de lege asupra veniturilor din pensie pentru care se datoreaz\u0103 contribu\u021bia de asigur\u0103ri sociale de s\u0103n\u0103tate, \u00een conformitate cu prevederile legale, <strong>cu excep\u021bia celor pentru care casele de asigur\u0103ri de s\u0103n\u0103tate au notificat exceptarea de la plat\u0103!!!<\/strong><\/td><\/tr><tr><td><strong>Beneficiari ai Decretului-Lege nr. 118\/1990<\/strong><\/td><td>-indemniza\u021bie lunar\u0103<\/td><td>-indemniza\u021bie lunar\u0103 pentru copiii cu v\u00e2rsta sub 18 ani<\/td><\/tr><tr><td><strong>Beneficiari ai O.G. nr. 105\/1999<br>(Legii nr. 189\/2000)<\/strong><\/td><td>-indemniza\u021bie lunar\u0103<\/td><td>-indemniza\u021bie lunar\u0103 pentru copiii cu v\u00e2rsta sub 18 ani<\/td><\/tr><tr><td><strong>Beneficiari ai Legii nr. 44\/1994<\/strong><\/td><td>-renta acordat\u0103 veteranilor de r\u0103zboi, \u00een func\u021bie de decora\u021bia primit\u0103<br>-indemniza\u021bia \u0219i renta lunar\u0103 acordat\u0103 <strong>so\u021bului supravie\u021buitor<\/strong> al veteranului de r\u0103zboi<\/td><td>&nbsp;<\/td><\/tr><tr><td><strong>Beneficiari ai Legii nr. 49\/1991<\/strong><\/td><td>&nbsp;<\/td><td>-indemniza\u021bii pentru invalizi de r\u0103zboi, pentru accidenta\u021bi de r\u0103zboi \u00een afara serviciului ordonat, pentru veterani de r\u0103zboi \u0219i pentru v\u0103duve de r\u0103zboi<br>-spor de participare pe front pentru veterani de r\u0103zboi \u0219i invalizi de r\u0103zboi<br>-indemniza\u021bie de gratitudine<br>-indemniza\u021bii pensionari IOVR accidenta\u021bi \u00een afara serviciului ordonat<\/td><\/tr><tr><td><strong>Beneficiari ai Legii nr. 49\/1999<\/strong><\/td><td>&nbsp;<\/td><td>-pensia IOVR acordat\u0103 invalizilor \u0219i accidenta\u021bilor de r\u0103zboi, urma\u0219ilor celor mor\u021bi sau disp\u0103ru\u021bi \u00een r\u0103zboi, precum \u0219i urma\u0219ilor fo\u0219tilor pensionari invalizi \u0219i accidenta\u021bi de r\u0103zboi<br>-suma fix\u0103 de \u00eengrijire pentru marii mutila\u021bi, precum \u0219i invalizilor de r\u0103zboi \u0219i accidenta\u021bilor de r\u0103zboi \u00eencadra\u021bi \u00een gradul I de invaliditate<\/td><\/tr><tr><td><strong>Beneficiari ai Legii nr. 309\/2002<\/strong><\/td><td>-indemniza\u021bie lunar\u0103<\/td><td>&nbsp;<\/td><\/tr><tr><td><strong>Beneficiari ai Legii nr. 341\/2004<\/strong><\/td><td>-indemniza\u021bie lunar\u0103 reparatorie<br>-indemniza\u021bie de gratitudine lunar\u0103<br>-indemniza\u0163ie de \u00eengrijire -indemniza\u0163ie lunar\u0103, ad\u0103ugat\u0103 la pensia pentru limit\u0103 de v\u00e2rst\u0103<\/td><td><s>&nbsp;<\/s><\/td><\/tr><tr><td><strong>Beneficiari ai Legii nr. 8\/2006<\/strong><\/td><td>&#8211;<\/td><td>-indemniza\u021bie lunar\u0103<\/td><\/tr><tr><td><strong>Beneficiari ai Legii nr. 109\/2005<\/strong><\/td><td>&#8211;<\/td><td>-indemniza\u021bie lunar\u0103<\/td><\/tr><tr><td><strong>Beneficiari ai Legii nr. 578\/2004<\/strong><\/td><td>&#8211;<\/td><td>-ajutor lunar<\/td><\/tr><tr><td><strong>Bolnavii cu afec\u021biuni oncologice<\/strong><\/td><td>-pensii mai mari de 3000 lei<br>-drepturi b\u0103ne\u0219ti acordate \u00een baza Decretului-Lege nr. 118\/1990,O.G. nr. 105\/1999<br>(Legii nr. 189\/2000), Legii nr. 44\/1994 (renta acordat\u0103 veteranilor de r\u0103zboi, \u00een func\u021bie de decora\u021bia primit\u0103 \u0219i indemniza\u021bia \u0219i renta lunar\u0103 acordat\u0103 so\u021bului supravie\u021buitor al veteranului de r\u0103zboi), Legii nr. 309\/2002\u00a0 \u0219i ale Legii nr. 341\/2004<\/td><td>-pensii mai mici de 3000 lei \u00a0<\/td><\/tr><\/tbody><\/table><\/figure>\n","protected":false},"excerpt":{"rendered":"<p>BENEFICIARI SUME PENTRU CARE SE DATOREAZ\u0102 CASS SUME EXCEPTATE DE LA PLATA CASS Pensionari beneficiari a unei categorii de pensii din sistemul public de pensii sau beneficiari de pensii de serviciu -pensii mai mari de 3000 lei-pensia de urma\u0219 pentru copil cu v\u00e2rsta cuprins\u0103 \u00eentre 18 ani \u0219i 26 de ani, care nu face dovada &hellip; <\/p>\n<p class=\"link-more\"><a href=\"http:\/\/www.cjpgalati.ro\/index.php\/rezidenti-ro\/\" class=\"more-link\">Continue reading<span class=\"screen-reader-text\"> &#8220;Rezidenti RO&#8221;<\/span><\/a><\/p>\n","protected":false},"author":3,"featured_media":0,"parent":0,"menu_order":0,"comment_status":"closed","ping_status":"closed","template":"","meta":[],"_links":{"self":[{"href":"http:\/\/www.cjpgalati.ro\/index.php\/wp-json\/wp\/v2\/pages\/1839"}],"collection":[{"href":"http:\/\/www.cjpgalati.ro\/index.php\/wp-json\/wp\/v2\/pages"}],"about":[{"href":"http:\/\/www.cjpgalati.ro\/index.php\/wp-json\/wp\/v2\/types\/page"}],"author":[{"embeddable":true,"href":"http:\/\/www.cjpgalati.ro\/index.php\/wp-json\/wp\/v2\/users\/3"}],"replies":[{"embeddable":true,"href":"http:\/\/www.cjpgalati.ro\/index.php\/wp-json\/wp\/v2\/comments?post=1839"}],"version-history":[{"count":6,"href":"http:\/\/www.cjpgalati.ro\/index.php\/wp-json\/wp\/v2\/pages\/1839\/revisions"}],"predecessor-version":[{"id":1851,"href":"http:\/\/www.cjpgalati.ro\/index.php\/wp-json\/wp\/v2\/pages\/1839\/revisions\/1851"}],"wp:attachment":[{"href":"http:\/\/www.cjpgalati.ro\/index.php\/wp-json\/wp\/v2\/media?parent=1839"}],"curies":[{"name":"wp","href":"https:\/\/api.w.org\/{rel}","templated":true}]}}